{"id":29351,"date":"2018-12-20T11:17:16","date_gmt":"2018-12-20T16:17:16","guid":{"rendered":"https:\/\/groupetrepanier.com\/outils-de-calcul\/"},"modified":"2020-12-02T13:11:19","modified_gmt":"2020-12-02T18:11:19","slug":"calculation-tools","status":"publish","type":"page","link":"https:\/\/groupetrepanier.com\/en\/calculation-tools\/","title":{"rendered":"CALCULATION TOOLS"},"content":{"rendered":"<p><div class=\"fusion-fullwidth fullwidth-box fusion-builder-row-1 nonhundred-percent-fullwidth non-hundred-percent-height-scrolling\" style=\"--awb-border-radius-top-left:0px;--awb-border-radius-top-right:0px;--awb-border-radius-bottom-right:0px;--awb-border-radius-bottom-left:0px;--awb-margin-bottom:20px;--awb-flex-wrap:wrap;\" ><div class=\"fusion-builder-row fusion-row\"><div class=\"fusion-layout-column fusion_builder_column fusion-builder-column-0 fusion_builder_column_1_1 1_1 fusion-one-full fusion-column-first fusion-column-last boxed fusion-animated\" style=\"--awb-bg-size:cover;\" data-animationType=\"fadeInUp\" data-animationDuration=\"0.5\" data-animationOffset=\"top-into-view\"><div class=\"fusion-column-wrapper fusion-column-has-shadow fusion-flex-column-wrapper-legacy\"><div class=\"fusion-title title fusion-title-1 fusion-sep-none fusion-title-text fusion-title-size-one uppercase\"><h1 class=\"fusion-title-heading title-heading-left\" style=\"margin:0;\">CALCULATION TOOLS<\/h1><\/div><div class=\"fusion-text fusion-text-1\"><p>In this section, you will find a conversion calculator as well as a mortgage calculator. The mortgage calculator will give you an idea of the mortgage amounts you may have to pay depending on the amount of your purchase. Of course, we invite you to make an appointment with a mortgage broker to find out your purchasing capacity or to secure financing for your real estate purchase.<\/p>\n<\/div><div class=\"fusion-clearfix\"><\/div><\/div><\/div><\/div><\/div><div class=\"fusion-fullwidth fullwidth-box fusion-builder-row-2 nonhundred-percent-fullwidth non-hundred-percent-height-scrolling\" style=\"--awb-border-radius-top-left:0px;--awb-border-radius-top-right:0px;--awb-border-radius-bottom-right:0px;--awb-border-radius-bottom-left:0px;--awb-flex-wrap:wrap;\" ><div class=\"fusion-builder-row fusion-row\"><div class=\"fusion-layout-column fusion_builder_column fusion-builder-column-1 fusion_builder_column_1_3 1_3 fusion-one-third fusion-column-first boxed boxed_shadow fusion-animated\" style=\"--awb-bg-size:cover;--awb-margin-bottom:40px;width:33.333333333333%;width:calc(33.333333333333% - ( ( 4% ) * 0.33333333333333 ) );margin-right: 4%;\" data-animationType=\"fadeInUp\" data-animationDuration=\"0.5\" data-animationOffset=\"top-into-view\"><div class=\"fusion-column-wrapper fusion-column-has-shadow fusion-flex-column-wrapper-legacy\"><div class=\"fusion-title title fusion-title-2 fusion-sep-none fusion-title-text fusion-title-size-three\"><h3 class=\"fusion-title-heading title-heading-left\" style=\"margin:0;\">Mortgage calculator<\/h3><\/div><div class=\"fusion-sep-clear\"><\/div><div class=\"fusion-separator fusion-full-width-sep\" style=\"margin-left: auto;margin-right: auto;margin-bottom:20px;width:100%;\"><\/div><div class=\"fusion-sep-clear\"><\/div><div class=\"fusion-widget-area awb-widget-area-element fusion-widget-area-1 fusion-content-widget-area\" style=\"--awb-title-color:#000000;--awb-padding:0px 0px 0px 0px;\"><div id=\"mortgage-calculator-4\" class=\"widget widget_mortgage-calculator\"><div class=\"heading\"><h4 class=\"widget-title\">Monthly Mortgage Payments<\/h4><\/div><div class=\"mc-wrapper clearfx\"><form id=\"mc-form\" action=\"#mc-form\"><p><label for=\"mc-total-amount\">Total Amount<\/label><input type=\"number\" name=\"mc_total_amount_label\" id=\"mc-total-amount\" min=\"1\" class=\"required\" placeholder=\"$\" value=\"\"\/><\/p><p><label for=\"mc-down-payment\">Down Payment<\/label><input type=\"number\" name=\"mc_down_payment_label\" id=\"mc-down-payment\" min=\"0\" class=\"required\" placeholder=\"$\" value=\"\"><\/p><p><label for=\"mc-interest-rate\">Interest Rate<\/label><input type=\"number\" name=\"mc_interest_rate_label\" id=\"mc-interest-rate\" min=\"0\" class=\"required\" placeholder=\"%\" value=\"\"><\/p><p><label for=\"mc-mortgage-period\">Mortgage Period<\/label><input type=\"number\" name=\"mc_mortgage_period_label\" id=\"mc-mortgage-period\" class=\"required\" placeholder=\"Years\" value=\"\"><\/p><p><input type=\"submit\" id=\"mc-submit\" value=\"Calculate Mortgage\"><\/p><\/form><!-- This div is holding output values--><div id=\"mc-output\" class=\"clearfix\"><\/div><\/div><form action=\"https:\/\/www.mlcalc.com\/\" method=\"post\" id=\"mc_mlc_form\" target=\"MLCalcFrame\"><input type=\"hidden\" name=\"ml\" value=\"mortgage\"\/><input type=\"hidden\" name=\"cl\" value=\"true\"\/><input type=\"hidden\" name=\"wg\" value=\"widget\"\/><input type=\"hidden\" name=\"wt\" value=\"rmc\"\/><input type=\"hidden\" name=\"cr\" value=\"usd\"\/><input type=\"hidden\" name=\"wl\" value=\"en\"\/><input type=\"hidden\" name=\"ma\" value=\"300000.00\"\/><input type=\"hidden\" name=\"dp\" value=\"60000.00\"\/><input type=\"hidden\" name=\"mt\" value=\"30\"\/><input type=\"hidden\" name=\"ir\" value=\"5.00\"\/><input type=\"hidden\" name=\"pt\" value=\"0\"\/><input type=\"hidden\" name=\"pi\" value=\"0\"\/><input type=\"hidden\" name=\"mi\" value=\"0\"\/><\/form>\n<\/div><div class=\"fusion-additional-widget-content\"><\/div><\/div><div class=\"fusion-clearfix\"><\/div><\/div><\/div><div class=\"fusion-layout-column fusion_builder_column fusion-builder-column-2 fusion_builder_column_2_3 2_3 fusion-two-third fusion-column-last boxed boxed_shadow fusion-animated\" style=\"--awb-bg-size:cover;width:66.666666666667%;width:calc(66.666666666667% - ( ( 4% ) * 0.66666666666667 ) );\" data-animationType=\"fadeInUp\" data-animationDuration=\"0.5\" data-animationOffset=\"top-into-view\"><div class=\"fusion-column-wrapper fusion-column-has-shadow fusion-flex-column-wrapper-legacy\"><div class=\"fusion-title title fusion-title-3 fusion-sep-none fusion-title-text fusion-title-size-three\"><h3 class=\"fusion-title-heading title-heading-left\" style=\"margin:0;\">Conversion calculator<\/h3><\/div><div class=\"fusion-sep-clear\"><\/div><div class=\"fusion-separator fusion-full-width-sep\" style=\"margin-left: auto;margin-right: auto;margin-bottom:20px;width:100%;\"><\/div><div class=\"fusion-sep-clear\"><\/div><div id=\"pm_centris_calculator\">\n    <div class=\"pm_centris_calculator_block\">\n        <div class=\"pm_centris_calculator_content\">\n            <div class=\"pm_centris_calculator_content_block_middle\">\n                <div class=\"pm_centris_calculator_content_block\">\n                    <div class=\"pm_centris_calculator_title\">Length calculation:<\/div>\n                    <div>\n                        <div class=\"pm_centris_calculator_number\"><input type=\"text\" name=\"pm_centris_calculator_length\" id=\"pm_centris_calculator_length\" value=\"1\"><\/div>\n                        <div class=\"pm_centris_calculator_code_1\">\n                        <select name=\"pm_centris_calculator_length_code\" id=\"pm_centris_calculator_length_code\">\n                            <option value=\"1\">m<\/option>\n                            <option value=\"58.471308\">Arpents<\/option>\n                            <option value=\"63.6149072341\">Acres<\/option>\n                            <option value=\"0.3048\">Pi \/ Ft<\/option>\n                        <\/select>\n                        <\/div>\n                        <div class=\"pm_centris_calculator_seperator\">=><\/div>\n                        <div class=\"pm_centris_calculator_code_2\">\n                        <select name=\"pm_centris_calculator_length_code_to\" id=\"pm_centris_calculator_length_code_to\">\n                            <option value=\"58.471308\">Arpents<\/option>\n                            <option value=\"63.6149072341\">Acres<\/option>\n                            <option value=\"0.3048\">Pi \/ Ft<\/option>\n                            <option value=\"1\">m<\/option>\n                        <\/select>\n                        <\/div>\n                        <div class=\"pm_centris_calculator_seperator\">=<\/div>\n                        <div id=\"pm_centris_calculator_convert_1\">0.0171<\/div>\n                    <\/div>\n                <\/div>\n                <div class=\"pm_centris_calculator_content_block\">\n                    <div class=\"pm_centris_calculator_title\">Calcul de superficie:<\/div>\n                    <div>\n                        <div class=\"pm_centris_calculator_number\"><input type=\"text\" name=\"pm_centris_calculator_area\" id=\"pm_centris_calculator_area\" value=\"1\"><\/div>\n                        <div class=\"pm_centris_calculator_code_1\">\n                        <select name=\"pm_centris_calculator_area_code\" id=\"pm_centris_calculator_area_code\">\n                            <option value=\"1\">m\u00b2<\/option>\n                            <option value=\"3418.893859230864\">Arpents<\/option>\n                            <option value=\"4046.8564224\">Acres<\/option>\n                            <option value=\"10000\">Hectares<\/option>\n                            <option value=\"0.09290304\">Pi\u00b2 \/ Ft\u00b2<\/option>\n                        <\/select>\n                        <\/div>\n                        <div class=\"pm_centris_calculator_seperator\">=><\/div>\n                        <div class=\"pm_centris_calculator_code_2\">\n                        <select name=\"pm_centris_calculator_area_code_to\" id=\"pm_centris_calculator_area_code_to\">\n                            <option value=\"3418.893859230864\">Arpents<\/option>\n                            <option value=\"4046.8564224\">Acres<\/option>\n                            <option value=\"10000\">Hectares<\/option>\n                            <option value=\"0.09290304\">Pi\u00b2 \/ Ft\u00b2<\/option>\n                            <option value=\"1\">m\u00b2<\/option>\n                        <\/select>\n                        <\/div>\n                        <div class=\"pm_centris_calculator_seperator\">=<\/div>\n                        <div id=\"pm_centris_calculator_convert_2\">0.0003<\/div>\n                    <\/div>\n                <\/div>\n                <div class=\"pm_centris_calculator_content_block\">\n                \t<div class=\"pm_centris_calculator_btn\" onClick=\"pm_centris_calculator_calculate();\">Calculate<\/div>\n                <\/div>\n            <\/div>\n   \t\t<\/div>\n    <\/div>\n<\/div>\n<script>\nfunction pm_centris_calculator_calculate()\n{\n\tresult_long = jQuery(\"#pm_centris_calculator_length\").val() * jQuery(\"#pm_centris_calculator_length_code\").val() \/ jQuery(\"#pm_centris_calculator_length_code_to\").val();\n\tresult_super = jQuery(\"#pm_centris_calculator_area\").val() * jQuery(\"#pm_centris_calculator_area_code\").val() \/ jQuery(\"#pm_centris_calculator_area_code_to\").val();\n\tresult_long = result_long.toFixed(4);\n\tresult_super = result_super.toFixed(4);\n\t\n\tjQuery(\"#pm_centris_calculator_convert_1\").html(result_long);\n\tjQuery(\"#pm_centris_calculator_convert_2\").html(result_super);\n}\n<\/script><div class=\"fusion-clearfix\"><\/div><\/div><\/div><\/div><\/div><\/p>\n","protected":false},"excerpt":{"rendered":"","protected":false},"author":1,"featured_media":0,"parent":0,"menu_order":0,"comment_status":"closed","ping_status":"closed","template":"","meta":{"_acf_changed":false,"footnotes":""},"class_list":["post-29351","page","type-page","status-publish","hentry"],"acf":[],"yoast_head":"<!-- This site is optimized with the Yoast SEO plugin v26.1.1 - https:\/\/yoast.com\/wordpress\/plugins\/seo\/ -->\n<title>Outils de calcul - Maxxum 100 agence immobili\u00e8re - Ferme, fermette, terrain, vendre, acheter, maison, campagne<\/title>\n<meta name=\"description\" content=\"Calculez vos paiements pour l&#039;achat d&#039;une propri\u00e9t\u00e9 ou d&#039;un terrain en milieu agricole ou en campagne gr\u00e2ce \u00e0 notre calculatrice hypoth\u00e9caire.\" \/>\n<meta name=\"robots\" content=\"index, follow, max-snippet:-1, max-image-preview:large, max-video-preview:-1\" \/>\n<link rel=\"canonical\" href=\"https:\/\/groupetrepanier.com\/outils-de-calcul\/\" \/>\n<meta property=\"og:locale\" content=\"en_US\" \/>\n<meta property=\"og:type\" content=\"article\" \/>\n<meta property=\"og:title\" content=\"Outils de calcul - Maxxum 100 agence immobili\u00e8re - Ferme, fermette, terrain, vendre, acheter, maison, campagne\" \/>\n<meta property=\"og:description\" content=\"Calculez vos paiements pour l&#039;achat d&#039;une propri\u00e9t\u00e9 ou d&#039;un terrain en milieu agricole ou en campagne gr\u00e2ce \u00e0 notre calculatrice hypoth\u00e9caire.\" \/>\n<meta property=\"og:url\" content=\"https:\/\/groupetrepanier.com\/outils-de-calcul\/\" \/>\n<meta property=\"og:site_name\" content=\"MAXXUM 100 - Fermes et terres \u00e0 vendre - Achat et vente de terrains, fermes, fermettes, maisons de campagne\" \/>\n<meta property=\"article:modified_time\" content=\"2020-12-02T18:11:19+00:00\" \/>\n<meta name=\"twitter:card\" content=\"summary_large_image\" \/>\n<meta name=\"twitter:label1\" content=\"Est. reading time\" \/>\n\t<meta name=\"twitter:data1\" content=\"7 minutes\" \/>\n<script type=\"application\/ld+json\" class=\"yoast-schema-graph\">{\"@context\":\"https:\/\/schema.org\",\"@graph\":[{\"@type\":\"WebPage\",\"@id\":\"https:\/\/groupetrepanier.com\/outils-de-calcul\/\",\"url\":\"https:\/\/groupetrepanier.com\/outils-de-calcul\/\",\"name\":\"Outils de calcul - Maxxum 100 agence immobili\u00e8re - Ferme, fermette, terrain, vendre, acheter, maison, campagne\",\"isPartOf\":{\"@id\":\"https:\/\/groupetrepanier.com\/#website\"},\"datePublished\":\"2018-12-20T16:17:16+00:00\",\"dateModified\":\"2020-12-02T18:11:19+00:00\",\"description\":\"Calculez vos paiements pour l'achat d'une propri\u00e9t\u00e9 ou d'un terrain en milieu agricole ou en campagne gr\u00e2ce \u00e0 notre calculatrice hypoth\u00e9caire.\",\"breadcrumb\":{\"@id\":\"https:\/\/groupetrepanier.com\/outils-de-calcul\/#breadcrumb\"},\"inLanguage\":\"en-US\",\"potentialAction\":[{\"@type\":\"ReadAction\",\"target\":[\"https:\/\/groupetrepanier.com\/outils-de-calcul\/\"]}]},{\"@type\":\"BreadcrumbList\",\"@id\":\"https:\/\/groupetrepanier.com\/outils-de-calcul\/#breadcrumb\",\"itemListElement\":[{\"@type\":\"ListItem\",\"position\":1,\"name\":\"Accueil\",\"item\":\"https:\/\/groupetrepanier.com\/en\/\"},{\"@type\":\"ListItem\",\"position\":2,\"name\":\"CALCULATION TOOLS\"}]},{\"@type\":\"WebSite\",\"@id\":\"https:\/\/groupetrepanier.com\/#website\",\"url\":\"https:\/\/groupetrepanier.com\/\",\"name\":\"MAXXUM 100 - Fermes et terres \u00e0 vendre - Achat et vente de terrains, fermes, fermettes, maisons de campagne\",\"description\":\"Fermes et terres \u00e0 vendre - Achat et vente de terrains, fermes, fermettes, maisons de campagne\",\"publisher\":{\"@id\":\"https:\/\/groupetrepanier.com\/#organization\"},\"potentialAction\":[{\"@type\":\"SearchAction\",\"target\":{\"@type\":\"EntryPoint\",\"urlTemplate\":\"https:\/\/groupetrepanier.com\/?s={search_term_string}\"},\"query-input\":{\"@type\":\"PropertyValueSpecification\",\"valueRequired\":true,\"valueName\":\"search_term_string\"}}],\"inLanguage\":\"en-US\"},{\"@type\":\"Organization\",\"@id\":\"https:\/\/groupetrepanier.com\/#organization\",\"name\":\"Groupe Tr\u00e9panier\",\"url\":\"https:\/\/groupetrepanier.com\/\",\"logo\":{\"@type\":\"ImageObject\",\"inLanguage\":\"en-US\",\"@id\":\"https:\/\/groupetrepanier.com\/#\/schema\/logo\/image\/\",\"url\":\"https:\/\/groupetrepanier.com\/wp-content\/uploads\/2019\/02\/maxxum100-logo.svg\",\"contentUrl\":\"https:\/\/groupetrepanier.com\/wp-content\/uploads\/2019\/02\/maxxum100-logo.svg\",\"width\":790,\"height\":244,\"caption\":\"Groupe Tr\u00e9panier\"},\"image\":{\"@id\":\"https:\/\/groupetrepanier.com\/#\/schema\/logo\/image\/\"}}]}<\/script>\n<!-- \/ Yoast SEO plugin. -->","yoast_head_json":{"title":"Outils de calcul - Maxxum 100 agence immobili\u00e8re - Ferme, fermette, terrain, vendre, acheter, maison, campagne","description":"Calculez vos paiements pour l'achat d'une propri\u00e9t\u00e9 ou d'un terrain en milieu agricole ou en campagne gr\u00e2ce \u00e0 notre calculatrice hypoth\u00e9caire.","robots":{"index":"index","follow":"follow","max-snippet":"max-snippet:-1","max-image-preview":"max-image-preview:large","max-video-preview":"max-video-preview:-1"},"canonical":"https:\/\/groupetrepanier.com\/outils-de-calcul\/","og_locale":"en_US","og_type":"article","og_title":"Outils de calcul - Maxxum 100 agence immobili\u00e8re - Ferme, fermette, terrain, vendre, acheter, maison, campagne","og_description":"Calculez vos paiements pour l'achat d'une propri\u00e9t\u00e9 ou d'un terrain en milieu agricole ou en campagne gr\u00e2ce \u00e0 notre calculatrice hypoth\u00e9caire.","og_url":"https:\/\/groupetrepanier.com\/outils-de-calcul\/","og_site_name":"MAXXUM 100 - Fermes et terres \u00e0 vendre - Achat et vente de terrains, fermes, fermettes, maisons de campagne","article_modified_time":"2020-12-02T18:11:19+00:00","twitter_card":"summary_large_image","twitter_misc":{"Est. reading time":"7 minutes"},"schema":{"@context":"https:\/\/schema.org","@graph":[{"@type":"WebPage","@id":"https:\/\/groupetrepanier.com\/outils-de-calcul\/","url":"https:\/\/groupetrepanier.com\/outils-de-calcul\/","name":"Outils de calcul - Maxxum 100 agence immobili\u00e8re - Ferme, fermette, terrain, vendre, acheter, maison, campagne","isPartOf":{"@id":"https:\/\/groupetrepanier.com\/#website"},"datePublished":"2018-12-20T16:17:16+00:00","dateModified":"2020-12-02T18:11:19+00:00","description":"Calculez vos paiements pour l'achat d'une propri\u00e9t\u00e9 ou d'un terrain en milieu agricole ou en campagne gr\u00e2ce \u00e0 notre calculatrice hypoth\u00e9caire.","breadcrumb":{"@id":"https:\/\/groupetrepanier.com\/outils-de-calcul\/#breadcrumb"},"inLanguage":"en-US","potentialAction":[{"@type":"ReadAction","target":["https:\/\/groupetrepanier.com\/outils-de-calcul\/"]}]},{"@type":"BreadcrumbList","@id":"https:\/\/groupetrepanier.com\/outils-de-calcul\/#breadcrumb","itemListElement":[{"@type":"ListItem","position":1,"name":"Accueil","item":"https:\/\/groupetrepanier.com\/en\/"},{"@type":"ListItem","position":2,"name":"CALCULATION TOOLS"}]},{"@type":"WebSite","@id":"https:\/\/groupetrepanier.com\/#website","url":"https:\/\/groupetrepanier.com\/","name":"MAXXUM 100 - Fermes et terres \u00e0 vendre - Achat et vente de terrains, fermes, fermettes, maisons de campagne","description":"Fermes et terres \u00e0 vendre - Achat et vente de terrains, fermes, fermettes, maisons de campagne","publisher":{"@id":"https:\/\/groupetrepanier.com\/#organization"},"potentialAction":[{"@type":"SearchAction","target":{"@type":"EntryPoint","urlTemplate":"https:\/\/groupetrepanier.com\/?s={search_term_string}"},"query-input":{"@type":"PropertyValueSpecification","valueRequired":true,"valueName":"search_term_string"}}],"inLanguage":"en-US"},{"@type":"Organization","@id":"https:\/\/groupetrepanier.com\/#organization","name":"Groupe Tr\u00e9panier","url":"https:\/\/groupetrepanier.com\/","logo":{"@type":"ImageObject","inLanguage":"en-US","@id":"https:\/\/groupetrepanier.com\/#\/schema\/logo\/image\/","url":"https:\/\/groupetrepanier.com\/wp-content\/uploads\/2019\/02\/maxxum100-logo.svg","contentUrl":"https:\/\/groupetrepanier.com\/wp-content\/uploads\/2019\/02\/maxxum100-logo.svg","width":790,"height":244,"caption":"Groupe Tr\u00e9panier"},"image":{"@id":"https:\/\/groupetrepanier.com\/#\/schema\/logo\/image\/"}}]}},"_links":{"self":[{"href":"https:\/\/groupetrepanier.com\/en\/wp-json\/wp\/v2\/pages\/29351","targetHints":{"allow":["GET"]}}],"collection":[{"href":"https:\/\/groupetrepanier.com\/en\/wp-json\/wp\/v2\/pages"}],"about":[{"href":"https:\/\/groupetrepanier.com\/en\/wp-json\/wp\/v2\/types\/page"}],"author":[{"embeddable":true,"href":"https:\/\/groupetrepanier.com\/en\/wp-json\/wp\/v2\/users\/1"}],"replies":[{"embeddable":true,"href":"https:\/\/groupetrepanier.com\/en\/wp-json\/wp\/v2\/comments?post=29351"}],"version-history":[{"count":3,"href":"https:\/\/groupetrepanier.com\/en\/wp-json\/wp\/v2\/pages\/29351\/revisions"}],"predecessor-version":[{"id":29435,"href":"https:\/\/groupetrepanier.com\/en\/wp-json\/wp\/v2\/pages\/29351\/revisions\/29435"}],"wp:attachment":[{"href":"https:\/\/groupetrepanier.com\/en\/wp-json\/wp\/v2\/media?parent=29351"}],"curies":[{"name":"wp","href":"https:\/\/api.w.org\/{rel}","templated":true}]}}