{"id":29343,"date":"2019-01-18T13:06:32","date_gmt":"2019-01-18T18:06:32","guid":{"rendered":"https:\/\/groupetrepanier.com\/nos-proprietes\/inscriptions-sylvain-trepanier\/"},"modified":"2020-12-02T10:04:17","modified_gmt":"2020-12-02T15:04:17","slug":"sylvain-trepaniers-listings","status":"publish","type":"page","link":"https:\/\/groupetrepanier.com\/en\/our-properties\/sylvain-trepaniers-listings\/","title":{"rendered":"Sylvain Trepanier\u2019s Listings"},"content":{"rendered":"<p><div class=\"fusion-fullwidth fullwidth-box fusion-builder-row-1 nonhundred-percent-fullwidth non-hundred-percent-height-scrolling\" style=\"--awb-border-radius-top-left:0px;--awb-border-radius-top-right:0px;--awb-border-radius-bottom-right:0px;--awb-border-radius-bottom-left:0px;--awb-flex-wrap:wrap;\" ><div class=\"fusion-builder-row fusion-row\"><div class=\"fusion-layout-column fusion_builder_column fusion-builder-column-0 fusion_builder_column_1_1 1_1 fusion-one-full fusion-column-first fusion-column-last center fusion-animated\" style=\"--awb-bg-size:cover;\" data-animationType=\"fadeInUp\" data-animationDuration=\"0.5\" data-animationOffset=\"top-into-view\"><div class=\"fusion-column-wrapper fusion-column-has-shadow fusion-flex-column-wrapper-legacy\"><div class=\"fusion-title title fusion-title-1 fusion-sep-none fusion-title-center fusion-title-text fusion-title-size-one uppercase\"><h1 class=\"fusion-title-heading title-heading-center\" style=\"margin:0;\">Sylvain Trepanier\u2019s <span class=\"small-title\">Listings<\/span><\/h1><\/div><div class=\"fusion-text fusion-text-1\"><p>Here, you will find here the majority of the properties that Sylvain Tr\u00e9panier currently has for sale. You will find farms, farmhouses, woodlots, farmland, market gardens, maple groves, equestrian estates, businesses, and more. With more than 35 years of experience in real estate, Sylvain Tr\u00e9panier is a precious ally for sellers and buyers of agricultural holdings.<\/p>\n<\/div><div class=\"fusion-clearfix\"><\/div><\/div><\/div><\/div><\/div><div class=\"fusion-fullwidth fullwidth-box fusion-builder-row-2 nonhundred-percent-fullwidth non-hundred-percent-height-scrolling\" style=\"--awb-border-radius-top-left:0px;--awb-border-radius-top-right:0px;--awb-border-radius-bottom-right:0px;--awb-border-radius-bottom-left:0px;--awb-background-color:#ffffff;--awb-flex-wrap:wrap;\" ><div class=\"fusion-builder-row fusion-row\"><div class=\"fusion-layout-column fusion_builder_column fusion-builder-column-1 fusion_builder_column_1_1 1_1 fusion-one-full fusion-column-first fusion-column-last fusion-animated\" style=\"--awb-bg-size:cover;--awb-margin-bottom:0px;\" data-animationType=\"fadeInDown\" data-animationDuration=\"1.0\" data-animationOffset=\"top-into-view\"><div class=\"fusion-column-wrapper fusion-flex-column-wrapper-legacy\">    <div class=\"pm_centris_no_result\">No result found<\/div>\n    <div class=\"fusion-clearfix\"><\/div><\/div><\/div><\/div><\/div><\/p>\n","protected":false},"excerpt":{"rendered":"","protected":false},"author":1,"featured_media":0,"parent":29337,"menu_order":0,"comment_status":"closed","ping_status":"closed","template":"","meta":{"_acf_changed":false,"footnotes":""},"class_list":["post-29343","page","type-page","status-publish","hentry"],"acf":[],"yoast_head":"<!-- This site is optimized with the Yoast SEO plugin v26.1.1 - https:\/\/yoast.com\/wordpress\/plugins\/seo\/ -->\n<title>Inscriptions Sylvain Tr\u00e9panier - Maxxum 100 agence immobili\u00e8re - Ferme, fermette, terrain, vendre, acheter, maison, campagne<\/title>\n<meta name=\"description\" content=\"D\u00e9couvrez les propri\u00e9t\u00e9s et terrains \u00e0 vendre en milieu agricole partout au Qu\u00e9bec par Sylvain Tr\u00e9panier de l&#039;agence immobili\u00e8re Maxxum 100.\" \/>\n<meta name=\"robots\" content=\"index, follow, max-snippet:-1, max-image-preview:large, max-video-preview:-1\" \/>\n<link rel=\"canonical\" href=\"https:\/\/groupetrepanier.com\/nos-proprietes\/inscriptions-sylvain-trepanier\/\" \/>\n<meta property=\"og:locale\" content=\"en_US\" \/>\n<meta property=\"og:type\" content=\"article\" \/>\n<meta property=\"og:title\" content=\"Inscriptions Sylvain Tr\u00e9panier - Maxxum 100 agence immobili\u00e8re - Ferme, fermette, terrain, vendre, acheter, maison, campagne\" \/>\n<meta property=\"og:description\" content=\"D\u00e9couvrez les propri\u00e9t\u00e9s et terrains \u00e0 vendre en milieu agricole partout au Qu\u00e9bec par Sylvain Tr\u00e9panier de l&#039;agence immobili\u00e8re Maxxum 100.\" \/>\n<meta property=\"og:url\" content=\"https:\/\/groupetrepanier.com\/nos-proprietes\/inscriptions-sylvain-trepanier\/\" \/>\n<meta property=\"og:site_name\" content=\"MAXXUM 100 - Fermes et terres \u00e0 vendre - Achat et vente de terrains, fermes, fermettes, maisons de campagne\" \/>\n<meta property=\"article:modified_time\" content=\"2020-12-02T15:04:17+00:00\" \/>\n<meta name=\"twitter:card\" content=\"summary_large_image\" \/>\n<meta name=\"twitter:label1\" content=\"Est. reading time\" \/>\n\t<meta name=\"twitter:data1\" content=\"3 minutes\" \/>\n<script type=\"application\/ld+json\" class=\"yoast-schema-graph\">{\"@context\":\"https:\/\/schema.org\",\"@graph\":[{\"@type\":\"WebPage\",\"@id\":\"https:\/\/groupetrepanier.com\/nos-proprietes\/inscriptions-sylvain-trepanier\/\",\"url\":\"https:\/\/groupetrepanier.com\/nos-proprietes\/inscriptions-sylvain-trepanier\/\",\"name\":\"Inscriptions Sylvain Tr\u00e9panier - Maxxum 100 agence immobili\u00e8re - Ferme, fermette, terrain, vendre, acheter, maison, campagne\",\"isPartOf\":{\"@id\":\"https:\/\/groupetrepanier.com\/#website\"},\"datePublished\":\"2019-01-18T18:06:32+00:00\",\"dateModified\":\"2020-12-02T15:04:17+00:00\",\"description\":\"D\u00e9couvrez les propri\u00e9t\u00e9s et terrains \u00e0 vendre en milieu agricole partout au Qu\u00e9bec par Sylvain Tr\u00e9panier de l'agence immobili\u00e8re Maxxum 100.\",\"breadcrumb\":{\"@id\":\"https:\/\/groupetrepanier.com\/nos-proprietes\/inscriptions-sylvain-trepanier\/#breadcrumb\"},\"inLanguage\":\"en-US\",\"potentialAction\":[{\"@type\":\"ReadAction\",\"target\":[\"https:\/\/groupetrepanier.com\/nos-proprietes\/inscriptions-sylvain-trepanier\/\"]}]},{\"@type\":\"BreadcrumbList\",\"@id\":\"https:\/\/groupetrepanier.com\/nos-proprietes\/inscriptions-sylvain-trepanier\/#breadcrumb\",\"itemListElement\":[{\"@type\":\"ListItem\",\"position\":1,\"name\":\"Accueil\",\"item\":\"https:\/\/groupetrepanier.com\/en\/\"},{\"@type\":\"ListItem\",\"position\":2,\"name\":\"Our properties\",\"item\":\"https:\/\/groupetrepanier.com\/en\/our-properties\/\"},{\"@type\":\"ListItem\",\"position\":3,\"name\":\"Sylvain Trepanier\u2019s Listings\"}]},{\"@type\":\"WebSite\",\"@id\":\"https:\/\/groupetrepanier.com\/#website\",\"url\":\"https:\/\/groupetrepanier.com\/\",\"name\":\"MAXXUM 100 - Fermes et terres \u00e0 vendre - Achat et vente de terrains, fermes, fermettes, maisons de campagne\",\"description\":\"Fermes et terres \u00e0 vendre - Achat et vente de terrains, fermes, fermettes, maisons de campagne\",\"publisher\":{\"@id\":\"https:\/\/groupetrepanier.com\/#organization\"},\"potentialAction\":[{\"@type\":\"SearchAction\",\"target\":{\"@type\":\"EntryPoint\",\"urlTemplate\":\"https:\/\/groupetrepanier.com\/?s={search_term_string}\"},\"query-input\":{\"@type\":\"PropertyValueSpecification\",\"valueRequired\":true,\"valueName\":\"search_term_string\"}}],\"inLanguage\":\"en-US\"},{\"@type\":\"Organization\",\"@id\":\"https:\/\/groupetrepanier.com\/#organization\",\"name\":\"Groupe Tr\u00e9panier\",\"url\":\"https:\/\/groupetrepanier.com\/\",\"logo\":{\"@type\":\"ImageObject\",\"inLanguage\":\"en-US\",\"@id\":\"https:\/\/groupetrepanier.com\/#\/schema\/logo\/image\/\",\"url\":\"https:\/\/groupetrepanier.com\/wp-content\/uploads\/2019\/02\/maxxum100-logo.svg\",\"contentUrl\":\"https:\/\/groupetrepanier.com\/wp-content\/uploads\/2019\/02\/maxxum100-logo.svg\",\"width\":790,\"height\":244,\"caption\":\"Groupe Tr\u00e9panier\"},\"image\":{\"@id\":\"https:\/\/groupetrepanier.com\/#\/schema\/logo\/image\/\"}}]}<\/script>\n<!-- \/ Yoast SEO plugin. -->","yoast_head_json":{"title":"Inscriptions Sylvain Tr\u00e9panier - Maxxum 100 agence immobili\u00e8re - Ferme, fermette, terrain, vendre, acheter, maison, campagne","description":"D\u00e9couvrez les propri\u00e9t\u00e9s et terrains \u00e0 vendre en milieu agricole partout au Qu\u00e9bec par Sylvain Tr\u00e9panier de l'agence immobili\u00e8re Maxxum 100.","robots":{"index":"index","follow":"follow","max-snippet":"max-snippet:-1","max-image-preview":"max-image-preview:large","max-video-preview":"max-video-preview:-1"},"canonical":"https:\/\/groupetrepanier.com\/nos-proprietes\/inscriptions-sylvain-trepanier\/","og_locale":"en_US","og_type":"article","og_title":"Inscriptions Sylvain Tr\u00e9panier - Maxxum 100 agence immobili\u00e8re - Ferme, fermette, terrain, vendre, acheter, maison, campagne","og_description":"D\u00e9couvrez les propri\u00e9t\u00e9s et terrains \u00e0 vendre en milieu agricole partout au Qu\u00e9bec par Sylvain Tr\u00e9panier de l'agence immobili\u00e8re Maxxum 100.","og_url":"https:\/\/groupetrepanier.com\/nos-proprietes\/inscriptions-sylvain-trepanier\/","og_site_name":"MAXXUM 100 - Fermes et terres \u00e0 vendre - Achat et vente de terrains, fermes, fermettes, maisons de campagne","article_modified_time":"2020-12-02T15:04:17+00:00","twitter_card":"summary_large_image","twitter_misc":{"Est. reading time":"3 minutes"},"schema":{"@context":"https:\/\/schema.org","@graph":[{"@type":"WebPage","@id":"https:\/\/groupetrepanier.com\/nos-proprietes\/inscriptions-sylvain-trepanier\/","url":"https:\/\/groupetrepanier.com\/nos-proprietes\/inscriptions-sylvain-trepanier\/","name":"Inscriptions Sylvain Tr\u00e9panier - Maxxum 100 agence immobili\u00e8re - Ferme, fermette, terrain, vendre, acheter, maison, campagne","isPartOf":{"@id":"https:\/\/groupetrepanier.com\/#website"},"datePublished":"2019-01-18T18:06:32+00:00","dateModified":"2020-12-02T15:04:17+00:00","description":"D\u00e9couvrez les propri\u00e9t\u00e9s et terrains \u00e0 vendre en milieu agricole partout au Qu\u00e9bec par Sylvain Tr\u00e9panier de l'agence immobili\u00e8re Maxxum 100.","breadcrumb":{"@id":"https:\/\/groupetrepanier.com\/nos-proprietes\/inscriptions-sylvain-trepanier\/#breadcrumb"},"inLanguage":"en-US","potentialAction":[{"@type":"ReadAction","target":["https:\/\/groupetrepanier.com\/nos-proprietes\/inscriptions-sylvain-trepanier\/"]}]},{"@type":"BreadcrumbList","@id":"https:\/\/groupetrepanier.com\/nos-proprietes\/inscriptions-sylvain-trepanier\/#breadcrumb","itemListElement":[{"@type":"ListItem","position":1,"name":"Accueil","item":"https:\/\/groupetrepanier.com\/en\/"},{"@type":"ListItem","position":2,"name":"Our properties","item":"https:\/\/groupetrepanier.com\/en\/our-properties\/"},{"@type":"ListItem","position":3,"name":"Sylvain Trepanier\u2019s Listings"}]},{"@type":"WebSite","@id":"https:\/\/groupetrepanier.com\/#website","url":"https:\/\/groupetrepanier.com\/","name":"MAXXUM 100 - Fermes et terres \u00e0 vendre - Achat et vente de terrains, fermes, fermettes, maisons de campagne","description":"Fermes et terres \u00e0 vendre - Achat et vente de terrains, fermes, fermettes, maisons de campagne","publisher":{"@id":"https:\/\/groupetrepanier.com\/#organization"},"potentialAction":[{"@type":"SearchAction","target":{"@type":"EntryPoint","urlTemplate":"https:\/\/groupetrepanier.com\/?s={search_term_string}"},"query-input":{"@type":"PropertyValueSpecification","valueRequired":true,"valueName":"search_term_string"}}],"inLanguage":"en-US"},{"@type":"Organization","@id":"https:\/\/groupetrepanier.com\/#organization","name":"Groupe Tr\u00e9panier","url":"https:\/\/groupetrepanier.com\/","logo":{"@type":"ImageObject","inLanguage":"en-US","@id":"https:\/\/groupetrepanier.com\/#\/schema\/logo\/image\/","url":"https:\/\/groupetrepanier.com\/wp-content\/uploads\/2019\/02\/maxxum100-logo.svg","contentUrl":"https:\/\/groupetrepanier.com\/wp-content\/uploads\/2019\/02\/maxxum100-logo.svg","width":790,"height":244,"caption":"Groupe Tr\u00e9panier"},"image":{"@id":"https:\/\/groupetrepanier.com\/#\/schema\/logo\/image\/"}}]}},"_links":{"self":[{"href":"https:\/\/groupetrepanier.com\/en\/wp-json\/wp\/v2\/pages\/29343","targetHints":{"allow":["GET"]}}],"collection":[{"href":"https:\/\/groupetrepanier.com\/en\/wp-json\/wp\/v2\/pages"}],"about":[{"href":"https:\/\/groupetrepanier.com\/en\/wp-json\/wp\/v2\/types\/page"}],"author":[{"embeddable":true,"href":"https:\/\/groupetrepanier.com\/en\/wp-json\/wp\/v2\/users\/1"}],"replies":[{"embeddable":true,"href":"https:\/\/groupetrepanier.com\/en\/wp-json\/wp\/v2\/comments?post=29343"}],"version-history":[{"count":4,"href":"https:\/\/groupetrepanier.com\/en\/wp-json\/wp\/v2\/pages\/29343\/revisions"}],"predecessor-version":[{"id":29409,"href":"https:\/\/groupetrepanier.com\/en\/wp-json\/wp\/v2\/pages\/29343\/revisions\/29409"}],"up":[{"embeddable":true,"href":"https:\/\/groupetrepanier.com\/en\/wp-json\/wp\/v2\/pages\/29337"}],"wp:attachment":[{"href":"https:\/\/groupetrepanier.com\/en\/wp-json\/wp\/v2\/media?parent=29343"}],"curies":[{"name":"wp","href":"https:\/\/api.w.org\/{rel}","templated":true}]}}