{"id":29335,"date":"2018-12-20T10:58:47","date_gmt":"2018-12-20T15:58:47","guid":{"rendered":"https:\/\/groupetrepanier.com\/nos-partenaires\/"},"modified":"2020-12-02T13:25:11","modified_gmt":"2020-12-02T18:25:11","slug":"our-partners","status":"publish","type":"page","link":"https:\/\/groupetrepanier.com\/en\/our-partners\/","title":{"rendered":"OUR PARTNERS"},"content":{"rendered":"<div class=\"fusion-fullwidth fullwidth-box fusion-builder-row-1 nonhundred-percent-fullwidth non-hundred-percent-height-scrolling\" style=\"--awb-border-radius-top-left:0px;--awb-border-radius-top-right:0px;--awb-border-radius-bottom-right:0px;--awb-border-radius-bottom-left:0px;--awb-flex-wrap:wrap;\" ><div class=\"fusion-builder-row fusion-row\"><div class=\"fusion-layout-column fusion_builder_column fusion-builder-column-0 fusion_builder_column_1_1 1_1 fusion-one-full fusion-column-first fusion-column-last boxed fusion-animated\" style=\"--awb-bg-size:cover;\" data-animationType=\"fadeInUp\" data-animationDuration=\"0.5\" data-animationOffset=\"top-into-view\"><div class=\"fusion-column-wrapper fusion-flex-column-wrapper-legacy\"><div class=\"fusion-title title fusion-title-1 fusion-sep-none fusion-title-text fusion-title-size-one uppercase\"><h1 class=\"fusion-title-heading title-heading-left\" style=\"margin:0;\">OUR PARTNERS<\/h1><\/div><div class=\"fusion-text fusion-text-1\"><p>Agricultural real estate is a field that requires the expertise of many professionals. Having a network of specialists, we can rely on to help us complete transactions and protect our clients is imperative. For this reason, we have created a section entirely dedicated to the services of our partners so that our clients can surround themselves with the most trusted professionals during their transactions.<\/p>\n<p>To propose your services in this section, contact us by email or phone:<\/p>\n<p><strong>Nancy Hamel<br \/>\nSenior Assistant<\/strong><br \/>\nTelephone : 819 839-3133<br \/>\nEmail : <a href=\"mailto:nhamel@maxxum100.com\">nhamel@maxxum100.com<\/a><\/p>\n<\/div><div class=\"fusion-clearfix\"><\/div><\/div><\/div><\/div><\/div>\n","protected":false},"excerpt":{"rendered":"","protected":false},"author":1,"featured_media":0,"parent":0,"menu_order":0,"comment_status":"closed","ping_status":"closed","template":"","meta":{"_acf_changed":false,"footnotes":""},"class_list":["post-29335","page","type-page","status-publish","hentry"],"acf":[],"yoast_head":"<!-- This site is optimized with the Yoast SEO plugin v26.1.1 - https:\/\/yoast.com\/wordpress\/plugins\/seo\/ -->\n<title>Nos partenaires - Maxxum 100 agence immobili\u00e8re - Ferme, fermette, terrain, vendre, acheter, maison, campagne<\/title>\n<meta name=\"description\" content=\"Voici les partenaires de Maxxum 100, agence immobili\u00e8re sp\u00e9cialis\u00e9e dans l&#039;achat et la vente de ferme ou fermette, terre agricole ou \u00e0 bois, maison de campagne.\" \/>\n<meta name=\"robots\" content=\"index, follow, max-snippet:-1, max-image-preview:large, max-video-preview:-1\" \/>\n<link rel=\"canonical\" href=\"https:\/\/groupetrepanier.com\/nos-partenaires\/\" \/>\n<meta property=\"og:locale\" content=\"en_US\" \/>\n<meta property=\"og:type\" content=\"article\" \/>\n<meta property=\"og:title\" content=\"Nos partenaires - Maxxum 100 agence immobili\u00e8re - Ferme, fermette, terrain, vendre, acheter, maison, campagne\" \/>\n<meta property=\"og:description\" content=\"Voici les partenaires de Maxxum 100, agence immobili\u00e8re sp\u00e9cialis\u00e9e dans l&#039;achat et la vente de ferme ou fermette, terre agricole ou \u00e0 bois, maison de campagne.\" \/>\n<meta property=\"og:url\" content=\"https:\/\/groupetrepanier.com\/nos-partenaires\/\" \/>\n<meta property=\"og:site_name\" content=\"MAXXUM 100 - Fermes et terres \u00e0 vendre - Achat et vente de terrains, fermes, fermettes, maisons de campagne\" \/>\n<meta property=\"article:modified_time\" content=\"2020-12-02T18:25:11+00:00\" \/>\n<meta name=\"twitter:card\" content=\"summary_large_image\" \/>\n<meta name=\"twitter:label1\" content=\"Est. reading time\" \/>\n\t<meta name=\"twitter:data1\" content=\"2 minutes\" \/>\n<script type=\"application\/ld+json\" class=\"yoast-schema-graph\">{\"@context\":\"https:\/\/schema.org\",\"@graph\":[{\"@type\":\"WebPage\",\"@id\":\"https:\/\/groupetrepanier.com\/nos-partenaires\/\",\"url\":\"https:\/\/groupetrepanier.com\/nos-partenaires\/\",\"name\":\"Nos partenaires - Maxxum 100 agence immobili\u00e8re - Ferme, fermette, terrain, vendre, acheter, maison, campagne\",\"isPartOf\":{\"@id\":\"https:\/\/groupetrepanier.com\/#website\"},\"datePublished\":\"2018-12-20T15:58:47+00:00\",\"dateModified\":\"2020-12-02T18:25:11+00:00\",\"description\":\"Voici les partenaires de Maxxum 100, agence immobili\u00e8re sp\u00e9cialis\u00e9e dans l'achat et la vente de ferme ou fermette, terre agricole ou \u00e0 bois, maison de campagne.\",\"breadcrumb\":{\"@id\":\"https:\/\/groupetrepanier.com\/nos-partenaires\/#breadcrumb\"},\"inLanguage\":\"en-US\",\"potentialAction\":[{\"@type\":\"ReadAction\",\"target\":[\"https:\/\/groupetrepanier.com\/nos-partenaires\/\"]}]},{\"@type\":\"BreadcrumbList\",\"@id\":\"https:\/\/groupetrepanier.com\/nos-partenaires\/#breadcrumb\",\"itemListElement\":[{\"@type\":\"ListItem\",\"position\":1,\"name\":\"Accueil\",\"item\":\"https:\/\/groupetrepanier.com\/en\/\"},{\"@type\":\"ListItem\",\"position\":2,\"name\":\"OUR PARTNERS\"}]},{\"@type\":\"WebSite\",\"@id\":\"https:\/\/groupetrepanier.com\/#website\",\"url\":\"https:\/\/groupetrepanier.com\/\",\"name\":\"MAXXUM 100 - Fermes et terres \u00e0 vendre - Achat et vente de terrains, fermes, fermettes, maisons de campagne\",\"description\":\"Fermes et terres \u00e0 vendre - Achat et vente de terrains, fermes, fermettes, maisons de campagne\",\"publisher\":{\"@id\":\"https:\/\/groupetrepanier.com\/#organization\"},\"potentialAction\":[{\"@type\":\"SearchAction\",\"target\":{\"@type\":\"EntryPoint\",\"urlTemplate\":\"https:\/\/groupetrepanier.com\/?s={search_term_string}\"},\"query-input\":{\"@type\":\"PropertyValueSpecification\",\"valueRequired\":true,\"valueName\":\"search_term_string\"}}],\"inLanguage\":\"en-US\"},{\"@type\":\"Organization\",\"@id\":\"https:\/\/groupetrepanier.com\/#organization\",\"name\":\"Groupe Tr\u00e9panier\",\"url\":\"https:\/\/groupetrepanier.com\/\",\"logo\":{\"@type\":\"ImageObject\",\"inLanguage\":\"en-US\",\"@id\":\"https:\/\/groupetrepanier.com\/#\/schema\/logo\/image\/\",\"url\":\"https:\/\/groupetrepanier.com\/wp-content\/uploads\/2019\/02\/maxxum100-logo.svg\",\"contentUrl\":\"https:\/\/groupetrepanier.com\/wp-content\/uploads\/2019\/02\/maxxum100-logo.svg\",\"width\":790,\"height\":244,\"caption\":\"Groupe Tr\u00e9panier\"},\"image\":{\"@id\":\"https:\/\/groupetrepanier.com\/#\/schema\/logo\/image\/\"}}]}<\/script>\n<!-- \/ Yoast SEO plugin. -->","yoast_head_json":{"title":"Nos partenaires - Maxxum 100 agence immobili\u00e8re - Ferme, fermette, terrain, vendre, acheter, maison, campagne","description":"Voici les partenaires de Maxxum 100, agence immobili\u00e8re sp\u00e9cialis\u00e9e dans l'achat et la vente de ferme ou fermette, terre agricole ou \u00e0 bois, maison de campagne.","robots":{"index":"index","follow":"follow","max-snippet":"max-snippet:-1","max-image-preview":"max-image-preview:large","max-video-preview":"max-video-preview:-1"},"canonical":"https:\/\/groupetrepanier.com\/nos-partenaires\/","og_locale":"en_US","og_type":"article","og_title":"Nos partenaires - Maxxum 100 agence immobili\u00e8re - Ferme, fermette, terrain, vendre, acheter, maison, campagne","og_description":"Voici les partenaires de Maxxum 100, agence immobili\u00e8re sp\u00e9cialis\u00e9e dans l'achat et la vente de ferme ou fermette, terre agricole ou \u00e0 bois, maison de campagne.","og_url":"https:\/\/groupetrepanier.com\/nos-partenaires\/","og_site_name":"MAXXUM 100 - Fermes et terres \u00e0 vendre - Achat et vente de terrains, fermes, fermettes, maisons de campagne","article_modified_time":"2020-12-02T18:25:11+00:00","twitter_card":"summary_large_image","twitter_misc":{"Est. reading time":"2 minutes"},"schema":{"@context":"https:\/\/schema.org","@graph":[{"@type":"WebPage","@id":"https:\/\/groupetrepanier.com\/nos-partenaires\/","url":"https:\/\/groupetrepanier.com\/nos-partenaires\/","name":"Nos partenaires - Maxxum 100 agence immobili\u00e8re - Ferme, fermette, terrain, vendre, acheter, maison, campagne","isPartOf":{"@id":"https:\/\/groupetrepanier.com\/#website"},"datePublished":"2018-12-20T15:58:47+00:00","dateModified":"2020-12-02T18:25:11+00:00","description":"Voici les partenaires de Maxxum 100, agence immobili\u00e8re sp\u00e9cialis\u00e9e dans l'achat et la vente de ferme ou fermette, terre agricole ou \u00e0 bois, maison de campagne.","breadcrumb":{"@id":"https:\/\/groupetrepanier.com\/nos-partenaires\/#breadcrumb"},"inLanguage":"en-US","potentialAction":[{"@type":"ReadAction","target":["https:\/\/groupetrepanier.com\/nos-partenaires\/"]}]},{"@type":"BreadcrumbList","@id":"https:\/\/groupetrepanier.com\/nos-partenaires\/#breadcrumb","itemListElement":[{"@type":"ListItem","position":1,"name":"Accueil","item":"https:\/\/groupetrepanier.com\/en\/"},{"@type":"ListItem","position":2,"name":"OUR PARTNERS"}]},{"@type":"WebSite","@id":"https:\/\/groupetrepanier.com\/#website","url":"https:\/\/groupetrepanier.com\/","name":"MAXXUM 100 - Fermes et terres \u00e0 vendre - Achat et vente de terrains, fermes, fermettes, maisons de campagne","description":"Fermes et terres \u00e0 vendre - Achat et vente de terrains, fermes, fermettes, maisons de campagne","publisher":{"@id":"https:\/\/groupetrepanier.com\/#organization"},"potentialAction":[{"@type":"SearchAction","target":{"@type":"EntryPoint","urlTemplate":"https:\/\/groupetrepanier.com\/?s={search_term_string}"},"query-input":{"@type":"PropertyValueSpecification","valueRequired":true,"valueName":"search_term_string"}}],"inLanguage":"en-US"},{"@type":"Organization","@id":"https:\/\/groupetrepanier.com\/#organization","name":"Groupe Tr\u00e9panier","url":"https:\/\/groupetrepanier.com\/","logo":{"@type":"ImageObject","inLanguage":"en-US","@id":"https:\/\/groupetrepanier.com\/#\/schema\/logo\/image\/","url":"https:\/\/groupetrepanier.com\/wp-content\/uploads\/2019\/02\/maxxum100-logo.svg","contentUrl":"https:\/\/groupetrepanier.com\/wp-content\/uploads\/2019\/02\/maxxum100-logo.svg","width":790,"height":244,"caption":"Groupe Tr\u00e9panier"},"image":{"@id":"https:\/\/groupetrepanier.com\/#\/schema\/logo\/image\/"}}]}},"_links":{"self":[{"href":"https:\/\/groupetrepanier.com\/en\/wp-json\/wp\/v2\/pages\/29335","targetHints":{"allow":["GET"]}}],"collection":[{"href":"https:\/\/groupetrepanier.com\/en\/wp-json\/wp\/v2\/pages"}],"about":[{"href":"https:\/\/groupetrepanier.com\/en\/wp-json\/wp\/v2\/types\/page"}],"author":[{"embeddable":true,"href":"https:\/\/groupetrepanier.com\/en\/wp-json\/wp\/v2\/users\/1"}],"replies":[{"embeddable":true,"href":"https:\/\/groupetrepanier.com\/en\/wp-json\/wp\/v2\/comments?post=29335"}],"version-history":[{"count":3,"href":"https:\/\/groupetrepanier.com\/en\/wp-json\/wp\/v2\/pages\/29335\/revisions"}],"predecessor-version":[{"id":29437,"href":"https:\/\/groupetrepanier.com\/en\/wp-json\/wp\/v2\/pages\/29335\/revisions\/29437"}],"wp:attachment":[{"href":"https:\/\/groupetrepanier.com\/en\/wp-json\/wp\/v2\/media?parent=29335"}],"curies":[{"name":"wp","href":"https:\/\/api.w.org\/{rel}","templated":true}]}}