{"id":29329,"date":"2018-12-21T11:49:35","date_gmt":"2018-12-21T16:49:35","guid":{"rendered":"https:\/\/groupetrepanier.com\/maxxum-100-centre\/sylvain-trepanier\/"},"modified":"2021-01-06T14:27:22","modified_gmt":"2021-01-06T19:27:22","slug":"sylvain-trepanier","status":"publish","type":"page","link":"https:\/\/groupetrepanier.com\/en\/about-us\/sylvain-trepanier\/","title":{"rendered":"Sylvain Tr\u00e9panier"},"content":{"rendered":"<p><div class=\"fusion-fullwidth fullwidth-box fusion-builder-row-1 nonhundred-percent-fullwidth non-hundred-percent-height-scrolling\" style=\"--awb-border-radius-top-left:0px;--awb-border-radius-top-right:0px;--awb-border-radius-bottom-right:0px;--awb-border-radius-bottom-left:0px;--awb-margin-bottom:20px;--awb-flex-wrap:wrap;\" ><div class=\"fusion-builder-row fusion-row\"><div class=\"fusion-layout-column fusion_builder_column fusion-builder-column-0 fusion_builder_column_1_2 1_2 fusion-one-half fusion-column-first fusion-animated\" style=\"--awb-bg-size:cover;--awb-margin-bottom:0px;width:50%;width:calc(50% - ( ( 0 ) * 0.5 ) );margin-right: 0px;\" data-animationType=\"fadeInDown\" data-animationDuration=\"0.5\" data-animationOffset=\"top-into-view\"><div class=\"fusion-column-wrapper fusion-flex-column-wrapper-legacy\"><div class=\"fusion-image-element in-legacy-container\" style=\"--awb-caption-title-font-family:var(--h2_typography-font-family);--awb-caption-title-font-weight:var(--h2_typography-font-weight);--awb-caption-title-font-style:var(--h2_typography-font-style);--awb-caption-title-size:var(--h2_typography-font-size);--awb-caption-title-transform:var(--h2_typography-text-transform);--awb-caption-title-line-height:var(--h2_typography-line-height);--awb-caption-title-letter-spacing:var(--h2_typography-letter-spacing);\"><span class=\" fusion-imageframe imageframe-none imageframe-1 hover-type-zoomin\"><img decoding=\"async\" width=\"800\" height=\"800\" alt=\"Sylvain Tr\u00e9panier - Propri\u00e9taire et courtier immobilier agr\u00e9\u00e9 pour Maxxum 100\" title=\"Sylvain-Trepanier-Courtier-Maxxum100\" src=\"https:\/\/groupetrepanier.com\/wp-content\/uploads\/2019\/01\/Sylvain-Trepanier-Courtier-Maxxum100-1.jpg\" class=\"img-responsive wp-image-393\" srcset=\"https:\/\/groupetrepanier.com\/wp-content\/uploads\/2019\/01\/Sylvain-Trepanier-Courtier-Maxxum100-1-200x200.jpg 200w, https:\/\/groupetrepanier.com\/wp-content\/uploads\/2019\/01\/Sylvain-Trepanier-Courtier-Maxxum100-1-400x400.jpg 400w, https:\/\/groupetrepanier.com\/wp-content\/uploads\/2019\/01\/Sylvain-Trepanier-Courtier-Maxxum100-1-600x600.jpg 600w, https:\/\/groupetrepanier.com\/wp-content\/uploads\/2019\/01\/Sylvain-Trepanier-Courtier-Maxxum100-1.jpg 800w\" sizes=\"(max-width: 850px) 100vw, 800px\" \/><\/span><\/div><div class=\"fusion-clearfix\"><\/div><\/div><\/div><div class=\"fusion-layout-column fusion_builder_column fusion-builder-column-1 fusion_builder_column_1_2 1_2 fusion-one-half fusion-column-last boxed font_20 fusion-animated\" style=\"--awb-bg-size:cover;--awb-margin-bottom:0px;width:50%;width:calc(50% - ( ( 0 ) * 0.5 ) );\" data-animationType=\"fadeInUp\" data-animationDuration=\"1.0\" data-animationOffset=\"top-into-view\"><div class=\"fusion-column-wrapper fusion-column-has-shadow fusion-flex-column-wrapper-legacy\"><div class=\"fusion-title title fusion-title-1 fusion-sep-none fusion-title-text fusion-title-size-one uppercase\"><h1 class=\"fusion-title-heading title-heading-left\" style=\"margin:0;\">Sylvain Tr\u00e9panier<\/h1><\/div><div class=\"fusion-title title fusion-title-2 fusion-sep-none fusion-title-text fusion-title-size-two style-h4\"><h2 class=\"fusion-title-heading title-heading-left\" style=\"margin:0;\">Chartered Real Estate Broker &#038; Agency Executive Officer<\/h2><\/div><div class=\"fusion-text fusion-text-1\"><p>Chartered Real Estate Broker, Agency Executive Officer and owner of Maxxum 100 Centre, Sylvain Tr\u00e9panier is recognized for his in-depth expertise in agriculture, his enviable network of contacts and his great negotiating skills. Sylvain has made his name by selling some of the most impressive agricultural properties in Quebec throughout his career. His experience of over 35 years makes him a business partner who quickly grasps all aspects of a transaction and uses his strategic vision to guide his clients towards their goals. Always solution-oriented, he is the ally that will make your project a reality.<\/p>\n<\/div><div class=\"fusion-clearfix\"><\/div><\/div><\/div><\/div><\/div><div class=\"fusion-fullwidth fullwidth-box fusion-builder-row-2 nonhundred-percent-fullwidth non-hundred-percent-height-scrolling\" style=\"--awb-border-radius-top-left:0px;--awb-border-radius-top-right:0px;--awb-border-radius-bottom-right:0px;--awb-border-radius-bottom-left:0px;--awb-flex-wrap:wrap;\" ><div class=\"fusion-builder-row fusion-row\"><div class=\"fusion-layout-column fusion_builder_column fusion-builder-column-2 fusion_builder_column_1_1 1_1 fusion-one-full fusion-column-first fusion-column-last boxed fusion-animated\" style=\"--awb-bg-size:cover;--awb-margin-bottom:0px;\" data-animationType=\"fadeInDown\" data-animationDuration=\"0.5\" data-animationOffset=\"top-into-view\"><div class=\"fusion-column-wrapper fusion-flex-column-wrapper-legacy\"><div class=\"fusion-title title fusion-title-3 fusion-sep-none fusion-title-text fusion-title-size-two uppercase\"><h2 class=\"fusion-title-heading title-heading-left\" style=\"margin:0;\">BIOGRAPHY<\/h2><\/div><div class=\"fusion-text fusion-text-2\"><p><span class=\"JsGRdQ\">Sylvain Tr\u00e9panier was raised on land in Tingwick in Centre-du-Qu\u00e9bec. As a young man, he worked on neighbouring farms, and it was at this time that his passion for agriculture was born.<\/span><\/p>\n<p><span class=\"JsGRdQ\">At the age of 17, he began training as a Chartered Real Estate Broker. The following year, he works for Immeubles Paris and signs his first sale, a woodlot. One thing leading to another, Sylvain focuses more on agriculture and develops this expertise that drives him. After a few years practicing, Sylvain transfers to Maxxum 100 Centre. With unequalled determination, he convinces the owner to sell him the agency. This turning point gives a new lease of life to the real estate agency, which will henceforth focus mainly on agriculture.<\/span><\/p>\n<p><span class=\"JsGRdQ\">Today, Sylvain Tr\u00e9panier is still the sole owner of Maxxum 100 Centre Inc., which enjoys a reputation as a leader in the field. Now himself the owner of farms, farmland, woodlots and maple groves, Sylvain Tr\u00e9panier is positioned as a professional who masters his field and has seen the market evolve for more than 35 years. He is convinced that investing in the purchase of agricultural real estate is one of the safest and most profitable investments today.<\/span><\/p>\n<\/div><div class=\"fusion-clearfix\"><\/div><\/div><\/div><div class=\"fusion-layout-column fusion_builder_column fusion-builder-column-3 fusion_builder_column_1_2 1_2 fusion-one-half fusion-column-first boxed gold fusion-animated\" style=\"--awb-bg-size:cover;--awb-margin-bottom:0px;width:50%;width:calc(50% - ( ( 0 ) * 0.5 ) );margin-right: 0px;\" data-animationType=\"fadeInRight\" data-animationDuration=\"0.5\" data-animationOffset=\"top-into-view\"><div class=\"fusion-column-wrapper fusion-flex-column-wrapper-legacy\"><div class=\"fusion-title title fusion-title-4 fusion-sep-none fusion-title-text fusion-title-size-four\"><h4 class=\"fusion-title-heading title-heading-left\" style=\"margin:0;\">To reach him<\/h4><\/div><div class=\"fusion-text fusion-text-3\"><p><strong><a href=\"tel:5142397520\">Sylvain Tr\u00e9panier<\/a><br \/>\n<\/strong><strong><a href=\"tel:5142397520\">514 239-7520<\/a><\/strong><br \/>\n<a href=\"mailto:sylvain.trepanier@maxxum100.com\">sylvain.trepanier@maxxum100.com<\/a><\/p>\n<\/div><div class=\"fusion-clearfix\"><\/div><\/div><\/div><div class=\"fusion-layout-column fusion_builder_column fusion-builder-column-4 fusion_builder_column_1_2 1_2 fusion-one-half fusion-column-last fusion-animated\" style=\"--awb-bg-size:cover;width:50%;width:calc(50% - ( ( 0 ) * 0.5 ) );\" data-animationType=\"fadeInLeft\" data-animationDuration=\"1.0\" data-animationOffset=\"top-into-view\"><div class=\"fusion-column-wrapper fusion-flex-column-wrapper-legacy\"><div class=\"fusion-align-block\"><a class=\"fusion-button button-flat button-large button-default fusion-button-default button-1 fusion-button-span-yes fusion-button-default-type\" target=\"_self\" title=\"See Sylvain Tr\u00e9panier - Owner and Certified Real Estate Broker for Maxxum 100\" aria-label=\"See Sylvain Tr\u00e9panier - Owner and Certified Real Estate Broker for Maxxum 100\" href=\"https:\/\/groupetrepanier.com\/en\/our-properties\/sylvain-trepaniers-listings\/\"><span class=\"fusion-button-text awb-button__text awb-button__text--default\">See his listings<\/span><i class=\"fa-arrow-right fas awb-button__icon awb-button__icon--default button-icon-right\" aria-hidden=\"true\"><\/i><\/a><\/div><div class=\"fusion-clearfix\"><\/div><\/div><\/div><\/div><\/div><\/p>\n","protected":false},"excerpt":{"rendered":"","protected":false},"author":1,"featured_media":0,"parent":29321,"menu_order":0,"comment_status":"closed","ping_status":"closed","template":"","meta":{"_acf_changed":false,"footnotes":""},"class_list":["post-29329","page","type-page","status-publish","hentry"],"acf":[],"yoast_head":"<!-- This site is optimized with the Yoast SEO plugin v26.1.1 - https:\/\/yoast.com\/wordpress\/plugins\/seo\/ -->\n<title>Sylvain Tr\u00e9panier - Maxxum 100 agence immobili\u00e8re - Ferme, fermette, terrain, vendre, acheter, maison, campagne<\/title>\n<meta name=\"description\" content=\"Sylvain Tr\u00e9panier courtier immobilier agr\u00e9\u00e9 DA, a plus de 35 ans d&#039;exp\u00e9rience et sp\u00e9cialis\u00e9 dans la vente de terres agricoles et \u00e0 bois, d\u2019\u00e9rabli\u00e8res, de porcheries, de fermes et fermettes, de maisons de campagne.\" \/>\n<meta name=\"robots\" content=\"index, follow, max-snippet:-1, max-image-preview:large, max-video-preview:-1\" \/>\n<link rel=\"canonical\" href=\"https:\/\/groupetrepanier.com\/maxxum-100-centre\/sylvain-trepanier\/\" \/>\n<meta property=\"og:locale\" content=\"en_US\" \/>\n<meta property=\"og:type\" content=\"article\" \/>\n<meta property=\"og:title\" content=\"Sylvain Tr\u00e9panier - Maxxum 100 agence immobili\u00e8re - Ferme, fermette, terrain, vendre, acheter, maison, campagne\" \/>\n<meta property=\"og:description\" content=\"Sylvain Tr\u00e9panier courtier immobilier agr\u00e9\u00e9 DA, a plus de 35 ans d&#039;exp\u00e9rience et sp\u00e9cialis\u00e9 dans la vente de terres agricoles et \u00e0 bois, d\u2019\u00e9rabli\u00e8res, de porcheries, de fermes et fermettes, de maisons de campagne.\" \/>\n<meta property=\"og:url\" content=\"https:\/\/groupetrepanier.com\/maxxum-100-centre\/sylvain-trepanier\/\" \/>\n<meta property=\"og:site_name\" content=\"MAXXUM 100 - Fermes et terres \u00e0 vendre - Achat et vente de terrains, fermes, fermettes, maisons de campagne\" \/>\n<meta property=\"article:modified_time\" content=\"2021-01-06T19:27:22+00:00\" \/>\n<meta name=\"twitter:card\" content=\"summary_large_image\" \/>\n<meta name=\"twitter:label1\" content=\"Est. reading time\" \/>\n\t<meta name=\"twitter:data1\" content=\"9 minutes\" \/>\n<script type=\"application\/ld+json\" class=\"yoast-schema-graph\">{\"@context\":\"https:\/\/schema.org\",\"@graph\":[{\"@type\":\"WebPage\",\"@id\":\"https:\/\/groupetrepanier.com\/maxxum-100-centre\/sylvain-trepanier\/\",\"url\":\"https:\/\/groupetrepanier.com\/maxxum-100-centre\/sylvain-trepanier\/\",\"name\":\"Sylvain Tr\u00e9panier - Maxxum 100 agence immobili\u00e8re - Ferme, fermette, terrain, vendre, acheter, maison, campagne\",\"isPartOf\":{\"@id\":\"https:\/\/groupetrepanier.com\/#website\"},\"datePublished\":\"2018-12-21T16:49:35+00:00\",\"dateModified\":\"2021-01-06T19:27:22+00:00\",\"description\":\"Sylvain Tr\u00e9panier courtier immobilier agr\u00e9\u00e9 DA, a plus de 35 ans d'exp\u00e9rience et sp\u00e9cialis\u00e9 dans la vente de terres agricoles et \u00e0 bois, d\u2019\u00e9rabli\u00e8res, de porcheries, de fermes et fermettes, de maisons de campagne.\",\"breadcrumb\":{\"@id\":\"https:\/\/groupetrepanier.com\/maxxum-100-centre\/sylvain-trepanier\/#breadcrumb\"},\"inLanguage\":\"en-US\",\"potentialAction\":[{\"@type\":\"ReadAction\",\"target\":[\"https:\/\/groupetrepanier.com\/maxxum-100-centre\/sylvain-trepanier\/\"]}]},{\"@type\":\"BreadcrumbList\",\"@id\":\"https:\/\/groupetrepanier.com\/maxxum-100-centre\/sylvain-trepanier\/#breadcrumb\",\"itemListElement\":[{\"@type\":\"ListItem\",\"position\":1,\"name\":\"Accueil\",\"item\":\"https:\/\/groupetrepanier.com\/en\/\"},{\"@type\":\"ListItem\",\"position\":2,\"name\":\"About us\",\"item\":\"https:\/\/groupetrepanier.com\/maxxum-100-centre\/\"},{\"@type\":\"ListItem\",\"position\":3,\"name\":\"Sylvain Tr\u00e9panier\"}]},{\"@type\":\"WebSite\",\"@id\":\"https:\/\/groupetrepanier.com\/#website\",\"url\":\"https:\/\/groupetrepanier.com\/\",\"name\":\"MAXXUM 100 - Fermes et terres \u00e0 vendre - Achat et vente de terrains, fermes, fermettes, maisons de campagne\",\"description\":\"Fermes et terres \u00e0 vendre - Achat et vente de terrains, fermes, fermettes, maisons de campagne\",\"publisher\":{\"@id\":\"https:\/\/groupetrepanier.com\/#organization\"},\"potentialAction\":[{\"@type\":\"SearchAction\",\"target\":{\"@type\":\"EntryPoint\",\"urlTemplate\":\"https:\/\/groupetrepanier.com\/?s={search_term_string}\"},\"query-input\":{\"@type\":\"PropertyValueSpecification\",\"valueRequired\":true,\"valueName\":\"search_term_string\"}}],\"inLanguage\":\"en-US\"},{\"@type\":\"Organization\",\"@id\":\"https:\/\/groupetrepanier.com\/#organization\",\"name\":\"Groupe Tr\u00e9panier\",\"url\":\"https:\/\/groupetrepanier.com\/\",\"logo\":{\"@type\":\"ImageObject\",\"inLanguage\":\"en-US\",\"@id\":\"https:\/\/groupetrepanier.com\/#\/schema\/logo\/image\/\",\"url\":\"https:\/\/groupetrepanier.com\/wp-content\/uploads\/2019\/02\/maxxum100-logo.svg\",\"contentUrl\":\"https:\/\/groupetrepanier.com\/wp-content\/uploads\/2019\/02\/maxxum100-logo.svg\",\"width\":790,\"height\":244,\"caption\":\"Groupe Tr\u00e9panier\"},\"image\":{\"@id\":\"https:\/\/groupetrepanier.com\/#\/schema\/logo\/image\/\"}}]}<\/script>\n<!-- \/ Yoast SEO plugin. -->","yoast_head_json":{"title":"Sylvain Tr\u00e9panier - Maxxum 100 agence immobili\u00e8re - Ferme, fermette, terrain, vendre, acheter, maison, campagne","description":"Sylvain Tr\u00e9panier courtier immobilier agr\u00e9\u00e9 DA, a plus de 35 ans d'exp\u00e9rience et sp\u00e9cialis\u00e9 dans la vente de terres agricoles et \u00e0 bois, d\u2019\u00e9rabli\u00e8res, de porcheries, de fermes et fermettes, de maisons de campagne.","robots":{"index":"index","follow":"follow","max-snippet":"max-snippet:-1","max-image-preview":"max-image-preview:large","max-video-preview":"max-video-preview:-1"},"canonical":"https:\/\/groupetrepanier.com\/maxxum-100-centre\/sylvain-trepanier\/","og_locale":"en_US","og_type":"article","og_title":"Sylvain Tr\u00e9panier - Maxxum 100 agence immobili\u00e8re - Ferme, fermette, terrain, vendre, acheter, maison, campagne","og_description":"Sylvain Tr\u00e9panier courtier immobilier agr\u00e9\u00e9 DA, a plus de 35 ans d'exp\u00e9rience et sp\u00e9cialis\u00e9 dans la vente de terres agricoles et \u00e0 bois, d\u2019\u00e9rabli\u00e8res, de porcheries, de fermes et fermettes, de maisons de campagne.","og_url":"https:\/\/groupetrepanier.com\/maxxum-100-centre\/sylvain-trepanier\/","og_site_name":"MAXXUM 100 - Fermes et terres \u00e0 vendre - Achat et vente de terrains, fermes, fermettes, maisons de campagne","article_modified_time":"2021-01-06T19:27:22+00:00","twitter_card":"summary_large_image","twitter_misc":{"Est. reading time":"9 minutes"},"schema":{"@context":"https:\/\/schema.org","@graph":[{"@type":"WebPage","@id":"https:\/\/groupetrepanier.com\/maxxum-100-centre\/sylvain-trepanier\/","url":"https:\/\/groupetrepanier.com\/maxxum-100-centre\/sylvain-trepanier\/","name":"Sylvain Tr\u00e9panier - Maxxum 100 agence immobili\u00e8re - Ferme, fermette, terrain, vendre, acheter, maison, campagne","isPartOf":{"@id":"https:\/\/groupetrepanier.com\/#website"},"datePublished":"2018-12-21T16:49:35+00:00","dateModified":"2021-01-06T19:27:22+00:00","description":"Sylvain Tr\u00e9panier courtier immobilier agr\u00e9\u00e9 DA, a plus de 35 ans d'exp\u00e9rience et sp\u00e9cialis\u00e9 dans la vente de terres agricoles et \u00e0 bois, d\u2019\u00e9rabli\u00e8res, de porcheries, de fermes et fermettes, de maisons de campagne.","breadcrumb":{"@id":"https:\/\/groupetrepanier.com\/maxxum-100-centre\/sylvain-trepanier\/#breadcrumb"},"inLanguage":"en-US","potentialAction":[{"@type":"ReadAction","target":["https:\/\/groupetrepanier.com\/maxxum-100-centre\/sylvain-trepanier\/"]}]},{"@type":"BreadcrumbList","@id":"https:\/\/groupetrepanier.com\/maxxum-100-centre\/sylvain-trepanier\/#breadcrumb","itemListElement":[{"@type":"ListItem","position":1,"name":"Accueil","item":"https:\/\/groupetrepanier.com\/en\/"},{"@type":"ListItem","position":2,"name":"About us","item":"https:\/\/groupetrepanier.com\/maxxum-100-centre\/"},{"@type":"ListItem","position":3,"name":"Sylvain Tr\u00e9panier"}]},{"@type":"WebSite","@id":"https:\/\/groupetrepanier.com\/#website","url":"https:\/\/groupetrepanier.com\/","name":"MAXXUM 100 - Fermes et terres \u00e0 vendre - Achat et vente de terrains, fermes, fermettes, maisons de campagne","description":"Fermes et terres \u00e0 vendre - Achat et vente de terrains, fermes, fermettes, maisons de campagne","publisher":{"@id":"https:\/\/groupetrepanier.com\/#organization"},"potentialAction":[{"@type":"SearchAction","target":{"@type":"EntryPoint","urlTemplate":"https:\/\/groupetrepanier.com\/?s={search_term_string}"},"query-input":{"@type":"PropertyValueSpecification","valueRequired":true,"valueName":"search_term_string"}}],"inLanguage":"en-US"},{"@type":"Organization","@id":"https:\/\/groupetrepanier.com\/#organization","name":"Groupe Tr\u00e9panier","url":"https:\/\/groupetrepanier.com\/","logo":{"@type":"ImageObject","inLanguage":"en-US","@id":"https:\/\/groupetrepanier.com\/#\/schema\/logo\/image\/","url":"https:\/\/groupetrepanier.com\/wp-content\/uploads\/2019\/02\/maxxum100-logo.svg","contentUrl":"https:\/\/groupetrepanier.com\/wp-content\/uploads\/2019\/02\/maxxum100-logo.svg","width":790,"height":244,"caption":"Groupe Tr\u00e9panier"},"image":{"@id":"https:\/\/groupetrepanier.com\/#\/schema\/logo\/image\/"}}]}},"_links":{"self":[{"href":"https:\/\/groupetrepanier.com\/en\/wp-json\/wp\/v2\/pages\/29329","targetHints":{"allow":["GET"]}}],"collection":[{"href":"https:\/\/groupetrepanier.com\/en\/wp-json\/wp\/v2\/pages"}],"about":[{"href":"https:\/\/groupetrepanier.com\/en\/wp-json\/wp\/v2\/types\/page"}],"author":[{"embeddable":true,"href":"https:\/\/groupetrepanier.com\/en\/wp-json\/wp\/v2\/users\/1"}],"replies":[{"embeddable":true,"href":"https:\/\/groupetrepanier.com\/en\/wp-json\/wp\/v2\/comments?post=29329"}],"version-history":[{"count":4,"href":"https:\/\/groupetrepanier.com\/en\/wp-json\/wp\/v2\/pages\/29329\/revisions"}],"predecessor-version":[{"id":29929,"href":"https:\/\/groupetrepanier.com\/en\/wp-json\/wp\/v2\/pages\/29329\/revisions\/29929"}],"up":[{"embeddable":true,"href":"https:\/\/groupetrepanier.com\/en\/wp-json\/wp\/v2\/pages\/29321"}],"wp:attachment":[{"href":"https:\/\/groupetrepanier.com\/en\/wp-json\/wp\/v2\/media?parent=29329"}],"curies":[{"name":"wp","href":"https:\/\/api.w.org\/{rel}","templated":true}]}}