{"id":29325,"date":"2019-01-07T13:45:50","date_gmt":"2019-01-07T18:45:50","guid":{"rendered":"https:\/\/groupetrepanier.com\/maxxum-100-centre\/jean-philippe-trepanier\/"},"modified":"2021-01-06T14:27:56","modified_gmt":"2021-01-06T19:27:56","slug":"jean-philippe-trepanier","status":"publish","type":"page","link":"https:\/\/groupetrepanier.com\/en\/about-us\/jean-philippe-trepanier\/","title":{"rendered":"Jean-Philippe Tr\u00e9panier"},"content":{"rendered":"<p><div class=\"fusion-fullwidth fullwidth-box fusion-builder-row-1 nonhundred-percent-fullwidth non-hundred-percent-height-scrolling\" style=\"--awb-border-radius-top-left:0px;--awb-border-radius-top-right:0px;--awb-border-radius-bottom-right:0px;--awb-border-radius-bottom-left:0px;--awb-margin-bottom:20px;--awb-flex-wrap:wrap;\" ><div class=\"fusion-builder-row fusion-row\"><div class=\"fusion-layout-column fusion_builder_column fusion-builder-column-0 fusion_builder_column_1_2 1_2 fusion-one-half fusion-column-first fusion-animated\" style=\"--awb-bg-size:cover;--awb-margin-bottom:0px;width:50%;width:calc(50% - ( ( 0 ) * 0.5 ) );margin-right: 0px;\" data-animationType=\"fadeInDown\" data-animationDuration=\"0.5\" data-animationOffset=\"top-into-view\"><div class=\"fusion-column-wrapper fusion-flex-column-wrapper-legacy\"><div class=\"fusion-image-element in-legacy-container\" style=\"--awb-caption-title-font-family:var(--h2_typography-font-family);--awb-caption-title-font-weight:var(--h2_typography-font-weight);--awb-caption-title-font-style:var(--h2_typography-font-style);--awb-caption-title-size:var(--h2_typography-font-size);--awb-caption-title-transform:var(--h2_typography-text-transform);--awb-caption-title-line-height:var(--h2_typography-line-height);--awb-caption-title-letter-spacing:var(--h2_typography-letter-spacing);\"><span class=\" fusion-imageframe imageframe-none imageframe-1 hover-type-zoomin\"><img decoding=\"async\" width=\"800\" height=\"800\" alt=\"Jean-Philippe Tr\u00e9panier - Courtier immobilier r\u00e9sidentiel pour Maxxum 100\" title=\"JP-Trepanier-Courtier-Maxxum100\" src=\"https:\/\/groupetrepanier.com\/wp-content\/uploads\/2019\/01\/JP-Trepanier-Courtier-Maxxum100-1.jpg\" class=\"img-responsive wp-image-411\" srcset=\"https:\/\/groupetrepanier.com\/wp-content\/uploads\/2019\/01\/JP-Trepanier-Courtier-Maxxum100-1-200x200.jpg 200w, https:\/\/groupetrepanier.com\/wp-content\/uploads\/2019\/01\/JP-Trepanier-Courtier-Maxxum100-1-400x400.jpg 400w, https:\/\/groupetrepanier.com\/wp-content\/uploads\/2019\/01\/JP-Trepanier-Courtier-Maxxum100-1-600x600.jpg 600w, https:\/\/groupetrepanier.com\/wp-content\/uploads\/2019\/01\/JP-Trepanier-Courtier-Maxxum100-1.jpg 800w\" sizes=\"(max-width: 850px) 100vw, 800px\" \/><\/span><\/div><div class=\"fusion-clearfix\"><\/div><\/div><\/div><div class=\"fusion-layout-column fusion_builder_column fusion-builder-column-1 fusion_builder_column_1_2 1_2 fusion-one-half fusion-column-last boxed font_20 fusion-animated\" style=\"--awb-bg-size:cover;--awb-margin-bottom:0px;width:50%;width:calc(50% - ( ( 0 ) * 0.5 ) );\" data-animationType=\"fadeInUp\" data-animationDuration=\"1.0\" data-animationOffset=\"top-into-view\"><div class=\"fusion-column-wrapper fusion-column-has-shadow fusion-flex-column-wrapper-legacy\"><div class=\"fusion-title title fusion-title-1 fusion-sep-none fusion-title-text fusion-title-size-one uppercase\"><h1 class=\"fusion-title-heading title-heading-left\" style=\"margin:0;\">Jean-Philippe Tr\u00e9panier<\/h1><\/div><div class=\"fusion-title title fusion-title-2 fusion-sep-none fusion-title-text fusion-title-size-two style-h4\"><h2 class=\"fusion-title-heading title-heading-left\" style=\"margin:0;\"><div>Residential | Commercial<br \/>\nReal Estate Broker<\/div><\/h2><\/div><div class=\"fusion-text fusion-text-1\"><p>Jean-Philippe Tr\u00e9panier is highly recommended by his clients for his honest, fair and efficient service! By transposing his strengths into his career in agricultural real estate, he is able to offer each client a superior level of service. Each transaction is treated with precision, attention and a genuine passion for real estate. Thanks to his seasoned negotiating skills, his in-depth knowledge of real estate and his local connections, he will always strive to provide you with the most complete market analysis possible.<\/p>\n<\/div><div class=\"fusion-clearfix\"><\/div><\/div><\/div><\/div><\/div><div class=\"fusion-fullwidth fullwidth-box fusion-builder-row-2 nonhundred-percent-fullwidth non-hundred-percent-height-scrolling\" style=\"--awb-border-radius-top-left:0px;--awb-border-radius-top-right:0px;--awb-border-radius-bottom-right:0px;--awb-border-radius-bottom-left:0px;--awb-flex-wrap:wrap;\" ><div class=\"fusion-builder-row fusion-row\"><div class=\"fusion-layout-column fusion_builder_column fusion-builder-column-2 fusion_builder_column_1_1 1_1 fusion-one-full fusion-column-first fusion-column-last boxed fusion-animated\" style=\"--awb-bg-size:cover;--awb-margin-bottom:0px;\" data-animationType=\"fadeInDown\" data-animationDuration=\"0.5\" data-animationOffset=\"top-into-view\"><div class=\"fusion-column-wrapper fusion-flex-column-wrapper-legacy\"><div class=\"fusion-title title fusion-title-3 fusion-sep-none fusion-title-text fusion-title-size-two uppercase\"><h2 class=\"fusion-title-heading title-heading-left\" style=\"margin:0;\">BIOGRAPHY<\/h2><\/div><div class=\"fusion-text fusion-text-2\"><p class=\"04xlpa\"><span class=\"jsgrdq\">After his studies in business management, many years as a manager in a Canadian company importing German products and some personal real estate acquisitions, he soon joined the family business and made real estate his daily business. From then on, he completed his training in residential and commercial real estate brokerage. Upon completion, Jean-Philippe joined forces with his father, Sylvain Tr\u00e9panier, to create Groupe Tr\u00e9panier. The duo quickly becomes a trio with the addition of M\u00e9lodie, Jean-Philippe&#8217;s sister and Sylvain&#8217;s daughter.<\/span><\/p>\n<p class=\"04xlpa\"><span class=\"jsgrdq\">Jean-Philippe distinguishes himself thanks to his diversified know-how and his passion. His fields of expertise include agricultural properties such as farms, farmhouses, maple groves as well as income properties.<\/span><\/p>\n<p class=\"04xlpa\"><span class=\"jsgrdq\">Today, Jean-Philippe is recognized for his expertise in the sale of agricultural real estate in Quebec. His engaging, authentic and honest personality, his understanding of the real estate market and his professionalism are assets that leave no one indifferent. Whether you are an experienced buyer\/seller, a seasoned investor or a first-time buyer, Jean-Philippe will exceed your expectations.<\/span><\/p>\n<\/div><div class=\"fusion-clearfix\"><\/div><\/div><\/div><div class=\"fusion-layout-column fusion_builder_column fusion-builder-column-3 fusion_builder_column_1_2 1_2 fusion-one-half fusion-column-first boxed gold fusion-animated\" style=\"--awb-bg-size:cover;--awb-margin-bottom:0px;width:50%;width:calc(50% - ( ( 0 ) * 0.5 ) );margin-right: 0px;\" data-animationType=\"fadeInRight\" data-animationDuration=\"0.5\" data-animationOffset=\"top-into-view\"><div class=\"fusion-column-wrapper fusion-flex-column-wrapper-legacy\"><div class=\"fusion-title title fusion-title-4 fusion-sep-none fusion-title-text fusion-title-size-four\"><h4 class=\"fusion-title-heading title-heading-left\" style=\"margin:0;\">To reach him<\/h4><\/div><div class=\"fusion-text fusion-text-3\"><p><strong><a href=\"tel:8192396195\">Jean-Philippe Tr\u00e9panier<br \/>\n819 239-6195<\/a><\/strong><br \/>\n<a href=\"mailto:jp.trepanier@maxxum100.com\">jp.trepanier@maxxum100.com<\/a><\/p>\n<\/div><div class=\"fusion-clearfix\"><\/div><\/div><\/div><div class=\"fusion-layout-column fusion_builder_column fusion-builder-column-4 fusion_builder_column_1_2 1_2 fusion-one-half fusion-column-last fusion-animated\" style=\"--awb-bg-size:cover;width:50%;width:calc(50% - ( ( 0 ) * 0.5 ) );\" data-animationType=\"fadeInLeft\" data-animationDuration=\"1.0\" data-animationOffset=\"top-into-view\"><div class=\"fusion-column-wrapper fusion-flex-column-wrapper-legacy\"><div class=\"fusion-align-block\"><a class=\"fusion-button button-flat button-large button-default fusion-button-default button-1 fusion-button-span-yes fusion-button-default-type\" target=\"_self\" title=\" See the listings of Jean-Philippe Tr\u00e9panier - Residential Real Estate Broker for Maxxum 100\" aria-label=\" See the listings of Jean-Philippe Tr\u00e9panier - Residential Real Estate Broker for Maxxum 100\" href=\"https:\/\/groupetrepanier.com\/en\/our-properties\/jean-philippe-trepaniers-listings\/\"><span class=\"fusion-button-text awb-button__text awb-button__text--default\"> See his listings<\/span><i class=\"fa-arrow-right fas awb-button__icon awb-button__icon--default button-icon-right\" aria-hidden=\"true\"><\/i><\/a><\/div><div class=\"fusion-clearfix\"><\/div><\/div><\/div><\/div><\/div><\/p>\n","protected":false},"excerpt":{"rendered":"","protected":false},"author":1,"featured_media":0,"parent":29321,"menu_order":0,"comment_status":"closed","ping_status":"closed","template":"","meta":{"_acf_changed":false,"footnotes":""},"class_list":["post-29325","page","type-page","status-publish","hentry"],"acf":[],"yoast_head":"<!-- This site is optimized with the Yoast SEO plugin v26.1.1 - https:\/\/yoast.com\/wordpress\/plugins\/seo\/ -->\n<title>Jean-Philippe Tr\u00e9panier - Maxxum 100 agence immobili\u00e8re - Ferme, fermette, terrain, vendre, acheter, maison, campagne<\/title>\n<meta name=\"description\" content=\"Jean-Philippe Tr\u00e9panier courtier immobilier r\u00e9sidentiel, est propri\u00e9taire d\u2019une ferme et d\u2019autres immeubles, et int\u00e8gre le groupe Maxxum 100 Centre.\" \/>\n<meta name=\"robots\" content=\"index, follow, max-snippet:-1, max-image-preview:large, max-video-preview:-1\" \/>\n<link rel=\"canonical\" href=\"https:\/\/groupetrepanier.com\/maxxum-100-centre\/jean-philippe-trepanier\/\" \/>\n<meta property=\"og:locale\" content=\"en_US\" \/>\n<meta property=\"og:type\" content=\"article\" \/>\n<meta property=\"og:title\" content=\"Jean-Philippe Tr\u00e9panier - Maxxum 100 agence immobili\u00e8re - Ferme, fermette, terrain, vendre, acheter, maison, campagne\" \/>\n<meta property=\"og:description\" content=\"Jean-Philippe Tr\u00e9panier courtier immobilier r\u00e9sidentiel, est propri\u00e9taire d\u2019une ferme et d\u2019autres immeubles, et int\u00e8gre le groupe Maxxum 100 Centre.\" \/>\n<meta property=\"og:url\" content=\"https:\/\/groupetrepanier.com\/maxxum-100-centre\/jean-philippe-trepanier\/\" \/>\n<meta property=\"og:site_name\" content=\"MAXXUM 100 - Fermes et terres \u00e0 vendre - Achat et vente de terrains, fermes, fermettes, maisons de campagne\" \/>\n<meta property=\"article:modified_time\" content=\"2021-01-06T19:27:56+00:00\" \/>\n<meta name=\"twitter:card\" content=\"summary_large_image\" \/>\n<meta name=\"twitter:label1\" content=\"Est. reading time\" \/>\n\t<meta name=\"twitter:data1\" content=\"9 minutes\" \/>\n<script type=\"application\/ld+json\" class=\"yoast-schema-graph\">{\"@context\":\"https:\/\/schema.org\",\"@graph\":[{\"@type\":\"WebPage\",\"@id\":\"https:\/\/groupetrepanier.com\/maxxum-100-centre\/jean-philippe-trepanier\/\",\"url\":\"https:\/\/groupetrepanier.com\/maxxum-100-centre\/jean-philippe-trepanier\/\",\"name\":\"Jean-Philippe Tr\u00e9panier - Maxxum 100 agence immobili\u00e8re - Ferme, fermette, terrain, vendre, acheter, maison, campagne\",\"isPartOf\":{\"@id\":\"https:\/\/groupetrepanier.com\/#website\"},\"datePublished\":\"2019-01-07T18:45:50+00:00\",\"dateModified\":\"2021-01-06T19:27:56+00:00\",\"description\":\"Jean-Philippe Tr\u00e9panier courtier immobilier r\u00e9sidentiel, est propri\u00e9taire d\u2019une ferme et d\u2019autres immeubles, et int\u00e8gre le groupe Maxxum 100 Centre.\",\"breadcrumb\":{\"@id\":\"https:\/\/groupetrepanier.com\/maxxum-100-centre\/jean-philippe-trepanier\/#breadcrumb\"},\"inLanguage\":\"en-US\",\"potentialAction\":[{\"@type\":\"ReadAction\",\"target\":[\"https:\/\/groupetrepanier.com\/maxxum-100-centre\/jean-philippe-trepanier\/\"]}]},{\"@type\":\"BreadcrumbList\",\"@id\":\"https:\/\/groupetrepanier.com\/maxxum-100-centre\/jean-philippe-trepanier\/#breadcrumb\",\"itemListElement\":[{\"@type\":\"ListItem\",\"position\":1,\"name\":\"Accueil\",\"item\":\"https:\/\/groupetrepanier.com\/en\/\"},{\"@type\":\"ListItem\",\"position\":2,\"name\":\"About us\",\"item\":\"https:\/\/groupetrepanier.com\/maxxum-100-centre\/\"},{\"@type\":\"ListItem\",\"position\":3,\"name\":\"Jean-Philippe Tr\u00e9panier\"}]},{\"@type\":\"WebSite\",\"@id\":\"https:\/\/groupetrepanier.com\/#website\",\"url\":\"https:\/\/groupetrepanier.com\/\",\"name\":\"MAXXUM 100 - Fermes et terres \u00e0 vendre - Achat et vente de terrains, fermes, fermettes, maisons de campagne\",\"description\":\"Fermes et terres \u00e0 vendre - Achat et vente de terrains, fermes, fermettes, maisons de campagne\",\"publisher\":{\"@id\":\"https:\/\/groupetrepanier.com\/#organization\"},\"potentialAction\":[{\"@type\":\"SearchAction\",\"target\":{\"@type\":\"EntryPoint\",\"urlTemplate\":\"https:\/\/groupetrepanier.com\/?s={search_term_string}\"},\"query-input\":{\"@type\":\"PropertyValueSpecification\",\"valueRequired\":true,\"valueName\":\"search_term_string\"}}],\"inLanguage\":\"en-US\"},{\"@type\":\"Organization\",\"@id\":\"https:\/\/groupetrepanier.com\/#organization\",\"name\":\"Groupe Tr\u00e9panier\",\"url\":\"https:\/\/groupetrepanier.com\/\",\"logo\":{\"@type\":\"ImageObject\",\"inLanguage\":\"en-US\",\"@id\":\"https:\/\/groupetrepanier.com\/#\/schema\/logo\/image\/\",\"url\":\"https:\/\/groupetrepanier.com\/wp-content\/uploads\/2019\/02\/maxxum100-logo.svg\",\"contentUrl\":\"https:\/\/groupetrepanier.com\/wp-content\/uploads\/2019\/02\/maxxum100-logo.svg\",\"width\":790,\"height\":244,\"caption\":\"Groupe Tr\u00e9panier\"},\"image\":{\"@id\":\"https:\/\/groupetrepanier.com\/#\/schema\/logo\/image\/\"}}]}<\/script>\n<!-- \/ Yoast SEO plugin. -->","yoast_head_json":{"title":"Jean-Philippe Tr\u00e9panier - Maxxum 100 agence immobili\u00e8re - Ferme, fermette, terrain, vendre, acheter, maison, campagne","description":"Jean-Philippe Tr\u00e9panier courtier immobilier r\u00e9sidentiel, est propri\u00e9taire d\u2019une ferme et d\u2019autres immeubles, et int\u00e8gre le groupe Maxxum 100 Centre.","robots":{"index":"index","follow":"follow","max-snippet":"max-snippet:-1","max-image-preview":"max-image-preview:large","max-video-preview":"max-video-preview:-1"},"canonical":"https:\/\/groupetrepanier.com\/maxxum-100-centre\/jean-philippe-trepanier\/","og_locale":"en_US","og_type":"article","og_title":"Jean-Philippe Tr\u00e9panier - Maxxum 100 agence immobili\u00e8re - Ferme, fermette, terrain, vendre, acheter, maison, campagne","og_description":"Jean-Philippe Tr\u00e9panier courtier immobilier r\u00e9sidentiel, est propri\u00e9taire d\u2019une ferme et d\u2019autres immeubles, et int\u00e8gre le groupe Maxxum 100 Centre.","og_url":"https:\/\/groupetrepanier.com\/maxxum-100-centre\/jean-philippe-trepanier\/","og_site_name":"MAXXUM 100 - Fermes et terres \u00e0 vendre - Achat et vente de terrains, fermes, fermettes, maisons de campagne","article_modified_time":"2021-01-06T19:27:56+00:00","twitter_card":"summary_large_image","twitter_misc":{"Est. reading time":"9 minutes"},"schema":{"@context":"https:\/\/schema.org","@graph":[{"@type":"WebPage","@id":"https:\/\/groupetrepanier.com\/maxxum-100-centre\/jean-philippe-trepanier\/","url":"https:\/\/groupetrepanier.com\/maxxum-100-centre\/jean-philippe-trepanier\/","name":"Jean-Philippe Tr\u00e9panier - Maxxum 100 agence immobili\u00e8re - Ferme, fermette, terrain, vendre, acheter, maison, campagne","isPartOf":{"@id":"https:\/\/groupetrepanier.com\/#website"},"datePublished":"2019-01-07T18:45:50+00:00","dateModified":"2021-01-06T19:27:56+00:00","description":"Jean-Philippe Tr\u00e9panier courtier immobilier r\u00e9sidentiel, est propri\u00e9taire d\u2019une ferme et d\u2019autres immeubles, et int\u00e8gre le groupe Maxxum 100 Centre.","breadcrumb":{"@id":"https:\/\/groupetrepanier.com\/maxxum-100-centre\/jean-philippe-trepanier\/#breadcrumb"},"inLanguage":"en-US","potentialAction":[{"@type":"ReadAction","target":["https:\/\/groupetrepanier.com\/maxxum-100-centre\/jean-philippe-trepanier\/"]}]},{"@type":"BreadcrumbList","@id":"https:\/\/groupetrepanier.com\/maxxum-100-centre\/jean-philippe-trepanier\/#breadcrumb","itemListElement":[{"@type":"ListItem","position":1,"name":"Accueil","item":"https:\/\/groupetrepanier.com\/en\/"},{"@type":"ListItem","position":2,"name":"About us","item":"https:\/\/groupetrepanier.com\/maxxum-100-centre\/"},{"@type":"ListItem","position":3,"name":"Jean-Philippe Tr\u00e9panier"}]},{"@type":"WebSite","@id":"https:\/\/groupetrepanier.com\/#website","url":"https:\/\/groupetrepanier.com\/","name":"MAXXUM 100 - Fermes et terres \u00e0 vendre - Achat et vente de terrains, fermes, fermettes, maisons de campagne","description":"Fermes et terres \u00e0 vendre - Achat et vente de terrains, fermes, fermettes, maisons de campagne","publisher":{"@id":"https:\/\/groupetrepanier.com\/#organization"},"potentialAction":[{"@type":"SearchAction","target":{"@type":"EntryPoint","urlTemplate":"https:\/\/groupetrepanier.com\/?s={search_term_string}"},"query-input":{"@type":"PropertyValueSpecification","valueRequired":true,"valueName":"search_term_string"}}],"inLanguage":"en-US"},{"@type":"Organization","@id":"https:\/\/groupetrepanier.com\/#organization","name":"Groupe Tr\u00e9panier","url":"https:\/\/groupetrepanier.com\/","logo":{"@type":"ImageObject","inLanguage":"en-US","@id":"https:\/\/groupetrepanier.com\/#\/schema\/logo\/image\/","url":"https:\/\/groupetrepanier.com\/wp-content\/uploads\/2019\/02\/maxxum100-logo.svg","contentUrl":"https:\/\/groupetrepanier.com\/wp-content\/uploads\/2019\/02\/maxxum100-logo.svg","width":790,"height":244,"caption":"Groupe Tr\u00e9panier"},"image":{"@id":"https:\/\/groupetrepanier.com\/#\/schema\/logo\/image\/"}}]}},"_links":{"self":[{"href":"https:\/\/groupetrepanier.com\/en\/wp-json\/wp\/v2\/pages\/29325","targetHints":{"allow":["GET"]}}],"collection":[{"href":"https:\/\/groupetrepanier.com\/en\/wp-json\/wp\/v2\/pages"}],"about":[{"href":"https:\/\/groupetrepanier.com\/en\/wp-json\/wp\/v2\/types\/page"}],"author":[{"embeddable":true,"href":"https:\/\/groupetrepanier.com\/en\/wp-json\/wp\/v2\/users\/1"}],"replies":[{"embeddable":true,"href":"https:\/\/groupetrepanier.com\/en\/wp-json\/wp\/v2\/comments?post=29325"}],"version-history":[{"count":4,"href":"https:\/\/groupetrepanier.com\/en\/wp-json\/wp\/v2\/pages\/29325\/revisions"}],"predecessor-version":[{"id":29930,"href":"https:\/\/groupetrepanier.com\/en\/wp-json\/wp\/v2\/pages\/29325\/revisions\/29930"}],"up":[{"embeddable":true,"href":"https:\/\/groupetrepanier.com\/en\/wp-json\/wp\/v2\/pages\/29321"}],"wp:attachment":[{"href":"https:\/\/groupetrepanier.com\/en\/wp-json\/wp\/v2\/media?parent=29325"}],"curies":[{"name":"wp","href":"https:\/\/api.w.org\/{rel}","templated":true}]}}