{"id":29321,"date":"2018-12-20T10:59:53","date_gmt":"2018-12-20T15:59:53","guid":{"rendered":"https:\/\/groupetrepanier.com\/maxxum-100-centre\/"},"modified":"2020-12-02T11:35:34","modified_gmt":"2020-12-02T16:35:34","slug":"about-us","status":"publish","type":"page","link":"https:\/\/groupetrepanier.com\/en\/about-us\/","title":{"rendered":"About us"},"content":{"rendered":"<div class=\"fusion-fullwidth fullwidth-box fusion-builder-row-1 nonhundred-percent-fullwidth non-hundred-percent-height-scrolling\" style=\"--awb-border-radius-top-left:0px;--awb-border-radius-top-right:0px;--awb-border-radius-bottom-right:0px;--awb-border-radius-bottom-left:0px;--awb-flex-wrap:wrap;\" ><div class=\"fusion-builder-row fusion-row\"><div class=\"fusion-layout-column fusion_builder_column fusion-builder-column-0 fusion_builder_column_1_1 1_1 fusion-one-full fusion-column-first fusion-column-last boxed fusion-animated\" style=\"--awb-bg-size:cover;\" data-animationType=\"fadeInUp\" data-animationDuration=\"0.5\" data-animationOffset=\"top-into-view\"><div class=\"fusion-column-wrapper fusion-flex-column-wrapper-legacy\"><div class=\"fusion-title title fusion-title-1 fusion-sep-none fusion-title-text fusion-title-size-one uppercase\"><h1 class=\"fusion-title-heading title-heading-left\" style=\"margin:0;\">Maxxum 100 Centre inc.<\/h1><\/div><div class=\"fusion-text fusion-text-1\"><p>Maxxum 100 Centre Inc. is a real estate agency known for its great expertise in the sale and purchase of agricultural properties, including farms, farmhouses, farmlands, woodlots, country homes, maple groves and equestrian estates.<\/p>\n<p>The Quebec company currently has six real estate brokers, including the sole owner, Mr. Sylvain Tr\u00e9panier, Chartered Real Estate Broker with over 35 years of experience in agricultural real estate. The agency mainly covers the regions of Estrie, Mont\u00e9r\u00e9gie, Centre-du-Qu\u00e9bec, Mauricie and Chaudi\u00e8re-Appalaches.<\/p>\n<p><strong>Groupe Tr\u00e9panier<\/strong><\/p>\n<p><span class=\"JsGRdQ\">United by the same core values and a contagious passion for real estate, father, son and daughter join forces to help their clients meet their personal and business goals by supporting them in their real estate transactions. Together, they develop personalized marketing strategies, expand their network of contacts and accompany their clients through every step of the sale or purchase of their property.<\/span><\/p>\n<p>Groupe Tr\u00e9panier is supported by a team of professionals who work tirelessly to make every transaction a success. The administrative team is led by Nancy Hamel, Sylvain Tr\u00e9panier&#8217;s wife, who uses her strategic vision to meet the objectives of the agency&#8217;s clients. Armed with extensive marketing experience and management knowledge, she brings out the best in everyone to ensure optimal marketing strategies for the properties the agency represents. Nancy is supported by Nathalie Ouellette in administration, Jade Par\u00e9 in communications, and Claude Hamel in advertising. The team takes advantage of everyone&#8217;s expertise to make each property entrusted to them shine,<\/p>\n<p>On behalf of the entire team, thank you for trusting us with the sale of your property!<\/p>\n<\/div><div class=\"fusion-clearfix\"><\/div><\/div><\/div><\/div><\/div>\n","protected":false},"excerpt":{"rendered":"","protected":false},"author":1,"featured_media":0,"parent":0,"menu_order":0,"comment_status":"closed","ping_status":"closed","template":"","meta":{"_acf_changed":false,"footnotes":""},"class_list":["post-29321","page","type-page","status-publish","hentry"],"acf":[],"yoast_head":"<!-- This site is optimized with the Yoast SEO plugin v26.1.1 - https:\/\/yoast.com\/wordpress\/plugins\/seo\/ -->\n<title>Maxxum 100 Centre - Agence immobili\u00e8re - Ferme, fermette, terrain, vendre, acheter, maison, campagne<\/title>\n<meta name=\"description\" content=\"Maxxum 100 Centre inc. sont autoris\u00e9e \u00e0 exercer l\u2019activit\u00e9 de courtage immobilier au Qu\u00e9bec, pour un investissement ou l\u2019achat de votre coin de paradis.\" \/>\n<meta name=\"robots\" content=\"index, follow, max-snippet:-1, max-image-preview:large, max-video-preview:-1\" \/>\n<link rel=\"canonical\" href=\"https:\/\/groupetrepanier.com\/maxxum-100-centre\/\" \/>\n<meta property=\"og:locale\" content=\"en_US\" \/>\n<meta property=\"og:type\" content=\"article\" \/>\n<meta property=\"og:title\" content=\"Maxxum 100 Centre - Agence immobili\u00e8re - Ferme, fermette, terrain, vendre, acheter, maison, campagne\" \/>\n<meta property=\"og:description\" content=\"Maxxum 100 Centre inc. sont autoris\u00e9e \u00e0 exercer l\u2019activit\u00e9 de courtage immobilier au Qu\u00e9bec, pour un investissement ou l\u2019achat de votre coin de paradis.\" \/>\n<meta property=\"og:url\" content=\"https:\/\/groupetrepanier.com\/maxxum-100-centre\/\" \/>\n<meta property=\"og:site_name\" content=\"MAXXUM 100 - Fermes et terres \u00e0 vendre - Achat et vente de terrains, fermes, fermettes, maisons de campagne\" \/>\n<meta property=\"article:modified_time\" content=\"2020-12-02T16:35:34+00:00\" \/>\n<meta name=\"twitter:card\" content=\"summary_large_image\" \/>\n<meta name=\"twitter:label1\" content=\"Est. reading time\" \/>\n\t<meta name=\"twitter:data1\" content=\"3 minutes\" \/>\n<script type=\"application\/ld+json\" class=\"yoast-schema-graph\">{\"@context\":\"https:\/\/schema.org\",\"@graph\":[{\"@type\":\"WebPage\",\"@id\":\"https:\/\/groupetrepanier.com\/maxxum-100-centre\/\",\"url\":\"https:\/\/groupetrepanier.com\/maxxum-100-centre\/\",\"name\":\"Maxxum 100 Centre - Agence immobili\u00e8re - Ferme, fermette, terrain, vendre, acheter, maison, campagne\",\"isPartOf\":{\"@id\":\"https:\/\/groupetrepanier.com\/#website\"},\"datePublished\":\"2018-12-20T15:59:53+00:00\",\"dateModified\":\"2020-12-02T16:35:34+00:00\",\"description\":\"Maxxum 100 Centre inc. sont autoris\u00e9e \u00e0 exercer l\u2019activit\u00e9 de courtage immobilier au Qu\u00e9bec, pour un investissement ou l\u2019achat de votre coin de paradis.\",\"breadcrumb\":{\"@id\":\"https:\/\/groupetrepanier.com\/maxxum-100-centre\/#breadcrumb\"},\"inLanguage\":\"en-US\",\"potentialAction\":[{\"@type\":\"ReadAction\",\"target\":[\"https:\/\/groupetrepanier.com\/maxxum-100-centre\/\"]}]},{\"@type\":\"BreadcrumbList\",\"@id\":\"https:\/\/groupetrepanier.com\/maxxum-100-centre\/#breadcrumb\",\"itemListElement\":[{\"@type\":\"ListItem\",\"position\":1,\"name\":\"Accueil\",\"item\":\"https:\/\/groupetrepanier.com\/en\/\"},{\"@type\":\"ListItem\",\"position\":2,\"name\":\"About us\"}]},{\"@type\":\"WebSite\",\"@id\":\"https:\/\/groupetrepanier.com\/#website\",\"url\":\"https:\/\/groupetrepanier.com\/\",\"name\":\"MAXXUM 100 - Fermes et terres \u00e0 vendre - Achat et vente de terrains, fermes, fermettes, maisons de campagne\",\"description\":\"Fermes et terres \u00e0 vendre - Achat et vente de terrains, fermes, fermettes, maisons de campagne\",\"publisher\":{\"@id\":\"https:\/\/groupetrepanier.com\/#organization\"},\"potentialAction\":[{\"@type\":\"SearchAction\",\"target\":{\"@type\":\"EntryPoint\",\"urlTemplate\":\"https:\/\/groupetrepanier.com\/?s={search_term_string}\"},\"query-input\":{\"@type\":\"PropertyValueSpecification\",\"valueRequired\":true,\"valueName\":\"search_term_string\"}}],\"inLanguage\":\"en-US\"},{\"@type\":\"Organization\",\"@id\":\"https:\/\/groupetrepanier.com\/#organization\",\"name\":\"Groupe Tr\u00e9panier\",\"url\":\"https:\/\/groupetrepanier.com\/\",\"logo\":{\"@type\":\"ImageObject\",\"inLanguage\":\"en-US\",\"@id\":\"https:\/\/groupetrepanier.com\/#\/schema\/logo\/image\/\",\"url\":\"https:\/\/groupetrepanier.com\/wp-content\/uploads\/2019\/02\/maxxum100-logo.svg\",\"contentUrl\":\"https:\/\/groupetrepanier.com\/wp-content\/uploads\/2019\/02\/maxxum100-logo.svg\",\"width\":790,\"height\":244,\"caption\":\"Groupe Tr\u00e9panier\"},\"image\":{\"@id\":\"https:\/\/groupetrepanier.com\/#\/schema\/logo\/image\/\"}}]}<\/script>\n<!-- \/ Yoast SEO plugin. -->","yoast_head_json":{"title":"Maxxum 100 Centre - Agence immobili\u00e8re - Ferme, fermette, terrain, vendre, acheter, maison, campagne","description":"Maxxum 100 Centre inc. sont autoris\u00e9e \u00e0 exercer l\u2019activit\u00e9 de courtage immobilier au Qu\u00e9bec, pour un investissement ou l\u2019achat de votre coin de paradis.","robots":{"index":"index","follow":"follow","max-snippet":"max-snippet:-1","max-image-preview":"max-image-preview:large","max-video-preview":"max-video-preview:-1"},"canonical":"https:\/\/groupetrepanier.com\/maxxum-100-centre\/","og_locale":"en_US","og_type":"article","og_title":"Maxxum 100 Centre - Agence immobili\u00e8re - Ferme, fermette, terrain, vendre, acheter, maison, campagne","og_description":"Maxxum 100 Centre inc. sont autoris\u00e9e \u00e0 exercer l\u2019activit\u00e9 de courtage immobilier au Qu\u00e9bec, pour un investissement ou l\u2019achat de votre coin de paradis.","og_url":"https:\/\/groupetrepanier.com\/maxxum-100-centre\/","og_site_name":"MAXXUM 100 - Fermes et terres \u00e0 vendre - Achat et vente de terrains, fermes, fermettes, maisons de campagne","article_modified_time":"2020-12-02T16:35:34+00:00","twitter_card":"summary_large_image","twitter_misc":{"Est. reading time":"3 minutes"},"schema":{"@context":"https:\/\/schema.org","@graph":[{"@type":"WebPage","@id":"https:\/\/groupetrepanier.com\/maxxum-100-centre\/","url":"https:\/\/groupetrepanier.com\/maxxum-100-centre\/","name":"Maxxum 100 Centre - Agence immobili\u00e8re - Ferme, fermette, terrain, vendre, acheter, maison, campagne","isPartOf":{"@id":"https:\/\/groupetrepanier.com\/#website"},"datePublished":"2018-12-20T15:59:53+00:00","dateModified":"2020-12-02T16:35:34+00:00","description":"Maxxum 100 Centre inc. sont autoris\u00e9e \u00e0 exercer l\u2019activit\u00e9 de courtage immobilier au Qu\u00e9bec, pour un investissement ou l\u2019achat de votre coin de paradis.","breadcrumb":{"@id":"https:\/\/groupetrepanier.com\/maxxum-100-centre\/#breadcrumb"},"inLanguage":"en-US","potentialAction":[{"@type":"ReadAction","target":["https:\/\/groupetrepanier.com\/maxxum-100-centre\/"]}]},{"@type":"BreadcrumbList","@id":"https:\/\/groupetrepanier.com\/maxxum-100-centre\/#breadcrumb","itemListElement":[{"@type":"ListItem","position":1,"name":"Accueil","item":"https:\/\/groupetrepanier.com\/en\/"},{"@type":"ListItem","position":2,"name":"About us"}]},{"@type":"WebSite","@id":"https:\/\/groupetrepanier.com\/#website","url":"https:\/\/groupetrepanier.com\/","name":"MAXXUM 100 - Fermes et terres \u00e0 vendre - Achat et vente de terrains, fermes, fermettes, maisons de campagne","description":"Fermes et terres \u00e0 vendre - Achat et vente de terrains, fermes, fermettes, maisons de campagne","publisher":{"@id":"https:\/\/groupetrepanier.com\/#organization"},"potentialAction":[{"@type":"SearchAction","target":{"@type":"EntryPoint","urlTemplate":"https:\/\/groupetrepanier.com\/?s={search_term_string}"},"query-input":{"@type":"PropertyValueSpecification","valueRequired":true,"valueName":"search_term_string"}}],"inLanguage":"en-US"},{"@type":"Organization","@id":"https:\/\/groupetrepanier.com\/#organization","name":"Groupe Tr\u00e9panier","url":"https:\/\/groupetrepanier.com\/","logo":{"@type":"ImageObject","inLanguage":"en-US","@id":"https:\/\/groupetrepanier.com\/#\/schema\/logo\/image\/","url":"https:\/\/groupetrepanier.com\/wp-content\/uploads\/2019\/02\/maxxum100-logo.svg","contentUrl":"https:\/\/groupetrepanier.com\/wp-content\/uploads\/2019\/02\/maxxum100-logo.svg","width":790,"height":244,"caption":"Groupe Tr\u00e9panier"},"image":{"@id":"https:\/\/groupetrepanier.com\/#\/schema\/logo\/image\/"}}]}},"_links":{"self":[{"href":"https:\/\/groupetrepanier.com\/en\/wp-json\/wp\/v2\/pages\/29321","targetHints":{"allow":["GET"]}}],"collection":[{"href":"https:\/\/groupetrepanier.com\/en\/wp-json\/wp\/v2\/pages"}],"about":[{"href":"https:\/\/groupetrepanier.com\/en\/wp-json\/wp\/v2\/types\/page"}],"author":[{"embeddable":true,"href":"https:\/\/groupetrepanier.com\/en\/wp-json\/wp\/v2\/users\/1"}],"replies":[{"embeddable":true,"href":"https:\/\/groupetrepanier.com\/en\/wp-json\/wp\/v2\/comments?post=29321"}],"version-history":[{"count":3,"href":"https:\/\/groupetrepanier.com\/en\/wp-json\/wp\/v2\/pages\/29321\/revisions"}],"predecessor-version":[{"id":29417,"href":"https:\/\/groupetrepanier.com\/en\/wp-json\/wp\/v2\/pages\/29321\/revisions\/29417"}],"wp:attachment":[{"href":"https:\/\/groupetrepanier.com\/en\/wp-json\/wp\/v2\/media?parent=29321"}],"curies":[{"name":"wp","href":"https:\/\/api.w.org\/{rel}","templated":true}]}}