{"id":1534,"date":"2018-12-20T11:20:05","date_gmt":"2018-12-20T16:20:05","guid":{"rendered":"https:\/\/groupetrepanier.com\/chercher-une-propriete\/"},"modified":"2021-01-06T14:25:59","modified_gmt":"2021-01-06T19:25:59","slug":"find-a-property","status":"publish","type":"page","link":"https:\/\/groupetrepanier.com\/en\/find-a-property\/","title":{"rendered":"Find a property"},"content":{"rendered":"<p><div class=\"fusion-fullwidth fullwidth-box fusion-builder-row-1 nonhundred-percent-fullwidth non-hundred-percent-height-scrolling\" style=\"--awb-border-radius-top-left:0px;--awb-border-radius-top-right:0px;--awb-border-radius-bottom-right:0px;--awb-border-radius-bottom-left:0px;--awb-flex-wrap:wrap;\" ><div class=\"fusion-builder-row fusion-row\"><div class=\"fusion-layout-column fusion_builder_column fusion-builder-column-0 fusion_builder_column_1_1 1_1 fusion-one-full fusion-column-first fusion-column-last boxed fusion-animated\" style=\"--awb-bg-size:cover;\" data-animationType=\"fadeInUp\" data-animationDuration=\"0.5\" data-animationOffset=\"top-into-view\"><div class=\"fusion-column-wrapper fusion-flex-column-wrapper-legacy\"><div class=\"fusion-title title fusion-title-1 fusion-sep-none fusion-title-text fusion-title-size-one uppercase\"><h1 class=\"fusion-title-heading title-heading-left\" style=\"margin:0;\">Find a property<\/h1><\/div><div class=\"fusion-text fusion-text-1\"><p>This section will allow you to do an advanced search by including all your purchase criteria. We have a wide range of properties for sale, including farms, farmhouses, woodlots, farmlands, field crops, equestrian estates, garages, market gardening businesses and more.  If you can&#8217;t find what you are looking for on our website, contact us and we will get started to make your dream a reality!<\/p>\n<\/div><div class=\"fusion-sep-clear\"><\/div><div class=\"fusion-separator fusion-full-width-sep\" style=\"margin-left: auto;margin-right: auto;margin-bottom:20px;width:100%;\"><\/div><div class=\"fusion-sep-clear\"><\/div><div id=\"pm_centris_search_block_toggle\" class=\"hide\">\n\t<div class=\"pm_centris_search_block_toggle_icon\">Open the search form<\/div>\n<\/div>\n<div id=\"pm_centris_search_block\" class=\"\">\n\t<div class=\"pm_centris_search_content\">\n    \t<form action=\"\" method=\"post\">\n        <div class=\"pm_centris_search_field_table\">\n            <div class=\"pm_centris_search_field pm_centris_search_field_keyword pm_centris_search_field_50\">\n                <input name=\"pm_centris_keyword\" value=\"\" placeholder=\"Keywords\" type=\"text\" \/>\n            <\/div>\n            <div class=\"pm_centris_search_field pm_centris_search_field_no pm_centris_search_field_50\">\n                <input name=\"pm_centris_no\" value=\"\" placeholder=\"# MLS\" type=\"text\" \/>\n            <\/div>\n        <\/div>\n        <div class=\"pm_centris_search_field pm_centris_search_field_price\">\n            <div class=\"pm_centris_search_field_title\" style=\"margin-bottom:10px;\">Price ($) <\/div>\n            <div class=\"pm_centris_search_field_table\">\n                <div class=\"pm_centris_search_field_50\"><input name=\"pm_centris_price_min\" value=\"\" placeholder=\"Min\" type=\"text\" \/><\/div>\n                <div class=\"pm_centris_search_field_50\"><input name=\"pm_centris_price_max\" value=\"\" placeholder=\"Max\" type=\"text\" \/><\/div>\n            <\/div>\n        <\/div>\n        \n        <div class=\"pm_centris_search_field pm_centris_search_field_type_property\">\n        \t<div class=\"pm_centris_search_field_title\">Check the type (s) of property you are looking for<\/div>\n            <div class=\"pm_centris_search_checkbox_content\">\n            \t            \t\t<div class=\"pm_centris_search_checkbox\"><input name=\"pm_centris_type_property[]\" value=\"161\" type=\"checkbox\"  \/><span>Farms \/ Hobby Farms<\/span><\/div>\n                \t            \t\t<div class=\"pm_centris_search_checkbox\"><input name=\"pm_centris_type_property[]\" value=\"182\" type=\"checkbox\"  \/><span>Land for Development<\/span><\/div>\n                \t            \t\t<div class=\"pm_centris_search_checkbox\"><input name=\"pm_centris_type_property[]\" value=\"167\" type=\"checkbox\"  \/><span>Estates<\/span><\/div>\n                \t            \t\t<div class=\"pm_centris_search_checkbox\"><input name=\"pm_centris_type_property[]\" value=\"183\" type=\"checkbox\"  \/><span>Construction Rights<\/span><\/div>\n                \t            \t\t<div class=\"pm_centris_search_checkbox\"><input name=\"pm_centris_type_property[]\" value=\"168\" type=\"checkbox\"  \/><span>Agricultural Land<\/span><\/div>\n                \t            \t\t<div class=\"pm_centris_search_checkbox\"><input name=\"pm_centris_type_property[]\" value=\"184\" type=\"checkbox\"  \/><span>Urban Homes<\/span><\/div>\n                \t            \t\t<div class=\"pm_centris_search_checkbox\"><input name=\"pm_centris_type_property[]\" value=\"169\" type=\"checkbox\"  \/><span>Large-scale Lands<\/span><\/div>\n                \t            \t\t<div class=\"pm_centris_search_checkbox\"><input name=\"pm_centris_type_property[]\" value=\"185\" type=\"checkbox\"  \/><span>Chalets \/ Cottages<\/span><\/div>\n                \t            \t\t<div class=\"pm_centris_search_checkbox\"><input name=\"pm_centris_type_property[]\" value=\"170\" type=\"checkbox\"  \/><span>Woodlots<\/span><\/div>\n                \t            \t\t<div class=\"pm_centris_search_checkbox\"><input name=\"pm_centris_type_property[]\" value=\"186\" type=\"checkbox\"  \/><span>Income Properties<\/span><\/div>\n                \t            \t\t<div class=\"pm_centris_search_checkbox\"><input name=\"pm_centris_type_property[]\" value=\"171\" type=\"checkbox\"  \/><span>Maple Groves<\/span><\/div>\n                \t            \t\t<div class=\"pm_centris_search_checkbox\"><input name=\"pm_centris_type_property[]\" value=\"187\" type=\"checkbox\"  \/><span>Businesses<\/span><\/div>\n                \t            \t\t<div class=\"pm_centris_search_checkbox\"><input name=\"pm_centris_type_property[]\" value=\"172\" type=\"checkbox\"  \/><span>Lands for Hunting<\/span><\/div>\n                \t            \t\t<div class=\"pm_centris_search_checkbox\"><input name=\"pm_centris_type_property[]\" value=\"188\" type=\"checkbox\"  \/><span>Industrial\/Commercial<\/span><\/div>\n                \t            \t\t<div class=\"pm_centris_search_checkbox\"><input name=\"pm_centris_type_property[]\" value=\"173\" type=\"checkbox\"  \/><span>Stables<\/span><\/div>\n                \t            \t\t<div class=\"pm_centris_search_checkbox\"><input name=\"pm_centris_type_property[]\" value=\"189\" type=\"checkbox\"  \/><span>Rentals<\/span><\/div>\n                \t            \t\t<div class=\"pm_centris_search_checkbox\"><input name=\"pm_centris_type_property[]\" value=\"174\" type=\"checkbox\"  \/><span>Barns<\/span><\/div>\n                \t            \t\t<div class=\"pm_centris_search_checkbox\"><input name=\"pm_centris_type_property[]\" value=\"190\" type=\"checkbox\"  \/><span>Repossessions<\/span><\/div>\n                \t            \t\t<div class=\"pm_centris_search_checkbox\"><input name=\"pm_centris_type_property[]\" value=\"175\" type=\"checkbox\"  \/><span>Piggeries<\/span><\/div>\n                \t            \t\t<div class=\"pm_centris_search_checkbox\"><input name=\"pm_centris_type_property[]\" value=\"191\" type=\"checkbox\"  \/><span>Exchanges<\/span><\/div>\n                \t            \t\t<div class=\"pm_centris_search_checkbox\"><input name=\"pm_centris_type_property[]\" value=\"176\" type=\"checkbox\"  \/><span>Garages<\/span><\/div>\n                \t            \t\t<div class=\"pm_centris_search_checkbox\"><input name=\"pm_centris_type_property[]\" value=\"192\" type=\"checkbox\"  \/><span>Others<\/span><\/div>\n                \t            \t\t<div class=\"pm_centris_search_checkbox\"><input name=\"pm_centris_type_property[]\" value=\"177\" type=\"checkbox\"  \/><span>River\/lake (access)<\/span><\/div>\n                \t            \t\t<div class=\"pm_centris_search_checkbox\"><input name=\"pm_centris_type_property[]\" value=\"178\" type=\"checkbox\"  \/><span>Waterfront (river\/lake)<\/span><\/div>\n                \t            \t\t<div class=\"pm_centris_search_checkbox\"><input name=\"pm_centris_type_property[]\" value=\"179\" type=\"checkbox\"  \/><span>Stream\/pond<\/span><\/div>\n                \t            \t\t<div class=\"pm_centris_search_checkbox\"><input name=\"pm_centris_type_property[]\" value=\"180\" type=\"checkbox\"  \/><span>Country Homes<\/span><\/div>\n                \t            \t\t<div class=\"pm_centris_search_checkbox\"><input name=\"pm_centris_type_property[]\" value=\"181\" type=\"checkbox\"  \/><span>Land to Build<\/span><\/div>\n                \t            <\/div>\n        <\/div>\n        \n        <div class=\"pm_centris_search_field pm_centris_search_field_region\">\n        \t<div class=\"pm_centris_search_field_title\">In which region (s)<\/div>\n            <div class=\"pm_centris_search_checkbox_content\">\n            \t            \t\t<div class=\"pm_centris_search_checkbox\"><input name=\"pm_centris_region[]\" value=\"08\" type=\"checkbox\"  \/><span>Abitibi-T\u00e9miscamingue<\/span><\/div>\n                \t            \t\t<div class=\"pm_centris_search_checkbox\"><input name=\"pm_centris_region[]\" value=\"01\" type=\"checkbox\"  \/><span>Bas-Saint-Laurent<\/span><\/div>\n                \t            \t\t<div class=\"pm_centris_search_checkbox\"><input name=\"pm_centris_region[]\" value=\"03\" type=\"checkbox\"  \/><span>Capitale-Nationale<\/span><\/div>\n                \t            \t\t<div class=\"pm_centris_search_checkbox\"><input name=\"pm_centris_region[]\" value=\"17\" type=\"checkbox\"  \/><span>Centre-du-Qu\u00e9bec<\/span><\/div>\n                \t            \t\t<div class=\"pm_centris_search_checkbox\"><input name=\"pm_centris_region[]\" value=\"12\" type=\"checkbox\"  \/><span>Chaudi\u00e8re-Appalaches<\/span><\/div>\n                \t            \t\t<div class=\"pm_centris_search_checkbox\"><input name=\"pm_centris_region[]\" value=\"09\" type=\"checkbox\"  \/><span>C\u00f4te-Nord<\/span><\/div>\n                \t            \t\t<div class=\"pm_centris_search_checkbox\"><input name=\"pm_centris_region[]\" value=\"05\" type=\"checkbox\"  \/><span>Estrie<\/span><\/div>\n                \t            \t\t<div class=\"pm_centris_search_checkbox\"><input name=\"pm_centris_region[]\" value=\"11\" type=\"checkbox\"  \/><span>Gasp\u00e9sie\/Iles-de-la-Madeleine<\/span><\/div>\n                \t            \t\t<div class=\"pm_centris_search_checkbox\"><input name=\"pm_centris_region[]\" value=\"14\" type=\"checkbox\"  \/><span>Lanaudi\u00e8re<\/span><\/div>\n                \t            \t\t<div class=\"pm_centris_search_checkbox\"><input name=\"pm_centris_region[]\" value=\"15\" type=\"checkbox\"  \/><span>Laurentides<\/span><\/div>\n                \t            \t\t<div class=\"pm_centris_search_checkbox\"><input name=\"pm_centris_region[]\" value=\"13\" type=\"checkbox\"  \/><span>Laval<\/span><\/div>\n                \t            \t\t<div class=\"pm_centris_search_checkbox\"><input name=\"pm_centris_region[]\" value=\"04\" type=\"checkbox\"  \/><span>Mauricie<\/span><\/div>\n                \t            \t\t<div class=\"pm_centris_search_checkbox\"><input name=\"pm_centris_region[]\" value=\"16\" type=\"checkbox\"  \/><span>Mont\u00e9r\u00e9gie<\/span><\/div>\n                \t            \t\t<div class=\"pm_centris_search_checkbox\"><input name=\"pm_centris_region[]\" value=\"06\" type=\"checkbox\"  \/><span>Montr\u00e9al<\/span><\/div>\n                \t            \t\t<div class=\"pm_centris_search_checkbox\"><input name=\"pm_centris_region[]\" value=\"10\" type=\"checkbox\"  \/><span>Nord-du-Qu\u00e9bec<\/span><\/div>\n                \t            \t\t<div class=\"pm_centris_search_checkbox\"><input name=\"pm_centris_region[]\" value=\"07\" type=\"checkbox\"  \/><span>Outaouais<\/span><\/div>\n                \t            \t\t<div class=\"pm_centris_search_checkbox\"><input name=\"pm_centris_region[]\" value=\"02\" type=\"checkbox\"  \/><span>Saguenay\/Lac-Saint-Jean<\/span><\/div>\n                \t            <\/div>\n        <\/div>\n        <div class=\"pm_centris_search_field pm_centris_search_field_submit\">\n        \t<input class=\"btn_submit\" name=\"pm_centris_search\" value=\"Search\" type=\"submit\" \/>\n        <\/div>\n        <\/form>\n    <\/div>\n<\/div><div class=\"fusion-clearfix\"><\/div><\/div><\/div><\/div><\/div><div class=\"fusion-fullwidth fullwidth-box fusion-builder-row-2 nonhundred-percent-fullwidth non-hundred-percent-height-scrolling\" style=\"--awb-border-radius-top-left:0px;--awb-border-radius-top-right:0px;--awb-border-radius-bottom-right:0px;--awb-border-radius-bottom-left:0px;--awb-flex-wrap:wrap;\" ><div class=\"fusion-builder-row fusion-row\"><div class=\"fusion-layout-column fusion_builder_column fusion-builder-column-1 fusion_builder_column_1_1 1_1 fusion-one-full fusion-column-first fusion-column-last boxed fusion-animated\" style=\"--awb-bg-size:cover;\" data-animationType=\"fadeInUp\" data-animationDuration=\"0.5\" data-animationOffset=\"top-into-view\"><div class=\"fusion-column-wrapper fusion-flex-column-wrapper-legacy\">\n\n\n<div id=\"pm_centris_search_result_block\">\n\t<\/div><div class=\"fusion-clearfix\"><\/div><\/div><\/div><\/div><\/div><\/p>\n","protected":false},"excerpt":{"rendered":"","protected":false},"author":1,"featured_media":0,"parent":0,"menu_order":0,"comment_status":"closed","ping_status":"closed","template":"","meta":{"_acf_changed":false,"footnotes":""},"class_list":["post-1534","page","type-page","status-publish","hentry"],"acf":[],"yoast_head":"<!-- This site is optimized with the Yoast SEO plugin v26.1.1 - https:\/\/yoast.com\/wordpress\/plugins\/seo\/ -->\n<title>Chercher une propri\u00e9t\u00e9 - Maxxum 100 agence immobili\u00e8re - Ferme, fermette, terrain, vendre, acheter, maison, campagne<\/title>\n<meta name=\"description\" content=\"Pour vendre ou acheter une ferme ou fermette, un terrain ou une maison de campagne, cherchez des priopri\u00e9t\u00e9s partout au Qu\u00e9bec avec Maxxum 100 agence immobili\u00e8re.\" \/>\n<meta name=\"robots\" content=\"index, follow, max-snippet:-1, max-image-preview:large, max-video-preview:-1\" \/>\n<link rel=\"canonical\" href=\"https:\/\/groupetrepanier.com\/chercher-une-propriete\/\" \/>\n<meta property=\"og:locale\" content=\"en_US\" \/>\n<meta property=\"og:type\" content=\"article\" \/>\n<meta property=\"og:title\" content=\"Chercher une propri\u00e9t\u00e9 - Maxxum 100 agence immobili\u00e8re - Ferme, fermette, terrain, vendre, acheter, maison, campagne\" \/>\n<meta property=\"og:description\" content=\"Pour vendre ou acheter une ferme ou fermette, un terrain ou une maison de campagne, cherchez des priopri\u00e9t\u00e9s partout au Qu\u00e9bec avec Maxxum 100 agence immobili\u00e8re.\" \/>\n<meta property=\"og:url\" content=\"https:\/\/groupetrepanier.com\/chercher-une-propriete\/\" \/>\n<meta property=\"og:site_name\" content=\"MAXXUM 100 - Fermes et terres \u00e0 vendre - Achat et vente de terrains, fermes, fermettes, maisons de campagne\" \/>\n<meta property=\"article:modified_time\" content=\"2021-01-06T19:25:59+00:00\" \/>\n<meta name=\"twitter:card\" content=\"summary_large_image\" \/>\n<meta name=\"twitter:label1\" content=\"Est. reading time\" \/>\n\t<meta name=\"twitter:data1\" content=\"3 minutes\" \/>\n<script type=\"application\/ld+json\" class=\"yoast-schema-graph\">{\"@context\":\"https:\/\/schema.org\",\"@graph\":[{\"@type\":\"WebPage\",\"@id\":\"https:\/\/groupetrepanier.com\/chercher-une-propriete\/\",\"url\":\"https:\/\/groupetrepanier.com\/chercher-une-propriete\/\",\"name\":\"Chercher une propri\u00e9t\u00e9 - Maxxum 100 agence immobili\u00e8re - Ferme, fermette, terrain, vendre, acheter, maison, campagne\",\"isPartOf\":{\"@id\":\"https:\/\/groupetrepanier.com\/#website\"},\"datePublished\":\"2018-12-20T16:20:05+00:00\",\"dateModified\":\"2021-01-06T19:25:59+00:00\",\"description\":\"Pour vendre ou acheter une ferme ou fermette, un terrain ou une maison de campagne, cherchez des priopri\u00e9t\u00e9s partout au Qu\u00e9bec avec Maxxum 100 agence immobili\u00e8re.\",\"breadcrumb\":{\"@id\":\"https:\/\/groupetrepanier.com\/chercher-une-propriete\/#breadcrumb\"},\"inLanguage\":\"en-US\",\"potentialAction\":[{\"@type\":\"ReadAction\",\"target\":[\"https:\/\/groupetrepanier.com\/chercher-une-propriete\/\"]}]},{\"@type\":\"BreadcrumbList\",\"@id\":\"https:\/\/groupetrepanier.com\/chercher-une-propriete\/#breadcrumb\",\"itemListElement\":[{\"@type\":\"ListItem\",\"position\":1,\"name\":\"Accueil\",\"item\":\"https:\/\/groupetrepanier.com\/en\/\"},{\"@type\":\"ListItem\",\"position\":2,\"name\":\"Find a property\"}]},{\"@type\":\"WebSite\",\"@id\":\"https:\/\/groupetrepanier.com\/#website\",\"url\":\"https:\/\/groupetrepanier.com\/\",\"name\":\"MAXXUM 100 - Fermes et terres \u00e0 vendre - Achat et vente de terrains, fermes, fermettes, maisons de campagne\",\"description\":\"Fermes et terres \u00e0 vendre - Achat et vente de terrains, fermes, fermettes, maisons de campagne\",\"publisher\":{\"@id\":\"https:\/\/groupetrepanier.com\/#organization\"},\"potentialAction\":[{\"@type\":\"SearchAction\",\"target\":{\"@type\":\"EntryPoint\",\"urlTemplate\":\"https:\/\/groupetrepanier.com\/?s={search_term_string}\"},\"query-input\":{\"@type\":\"PropertyValueSpecification\",\"valueRequired\":true,\"valueName\":\"search_term_string\"}}],\"inLanguage\":\"en-US\"},{\"@type\":\"Organization\",\"@id\":\"https:\/\/groupetrepanier.com\/#organization\",\"name\":\"Groupe Tr\u00e9panier\",\"url\":\"https:\/\/groupetrepanier.com\/\",\"logo\":{\"@type\":\"ImageObject\",\"inLanguage\":\"en-US\",\"@id\":\"https:\/\/groupetrepanier.com\/#\/schema\/logo\/image\/\",\"url\":\"https:\/\/groupetrepanier.com\/wp-content\/uploads\/2019\/02\/maxxum100-logo.svg\",\"contentUrl\":\"https:\/\/groupetrepanier.com\/wp-content\/uploads\/2019\/02\/maxxum100-logo.svg\",\"width\":790,\"height\":244,\"caption\":\"Groupe Tr\u00e9panier\"},\"image\":{\"@id\":\"https:\/\/groupetrepanier.com\/#\/schema\/logo\/image\/\"}}]}<\/script>\n<!-- \/ Yoast SEO plugin. -->","yoast_head_json":{"title":"Chercher une propri\u00e9t\u00e9 - Maxxum 100 agence immobili\u00e8re - Ferme, fermette, terrain, vendre, acheter, maison, campagne","description":"Pour vendre ou acheter une ferme ou fermette, un terrain ou une maison de campagne, cherchez des priopri\u00e9t\u00e9s partout au Qu\u00e9bec avec Maxxum 100 agence immobili\u00e8re.","robots":{"index":"index","follow":"follow","max-snippet":"max-snippet:-1","max-image-preview":"max-image-preview:large","max-video-preview":"max-video-preview:-1"},"canonical":"https:\/\/groupetrepanier.com\/chercher-une-propriete\/","og_locale":"en_US","og_type":"article","og_title":"Chercher une propri\u00e9t\u00e9 - Maxxum 100 agence immobili\u00e8re - Ferme, fermette, terrain, vendre, acheter, maison, campagne","og_description":"Pour vendre ou acheter une ferme ou fermette, un terrain ou une maison de campagne, cherchez des priopri\u00e9t\u00e9s partout au Qu\u00e9bec avec Maxxum 100 agence immobili\u00e8re.","og_url":"https:\/\/groupetrepanier.com\/chercher-une-propriete\/","og_site_name":"MAXXUM 100 - Fermes et terres \u00e0 vendre - Achat et vente de terrains, fermes, fermettes, maisons de campagne","article_modified_time":"2021-01-06T19:25:59+00:00","twitter_card":"summary_large_image","twitter_misc":{"Est. reading time":"3 minutes"},"schema":{"@context":"https:\/\/schema.org","@graph":[{"@type":"WebPage","@id":"https:\/\/groupetrepanier.com\/chercher-une-propriete\/","url":"https:\/\/groupetrepanier.com\/chercher-une-propriete\/","name":"Chercher une propri\u00e9t\u00e9 - Maxxum 100 agence immobili\u00e8re - Ferme, fermette, terrain, vendre, acheter, maison, campagne","isPartOf":{"@id":"https:\/\/groupetrepanier.com\/#website"},"datePublished":"2018-12-20T16:20:05+00:00","dateModified":"2021-01-06T19:25:59+00:00","description":"Pour vendre ou acheter une ferme ou fermette, un terrain ou une maison de campagne, cherchez des priopri\u00e9t\u00e9s partout au Qu\u00e9bec avec Maxxum 100 agence immobili\u00e8re.","breadcrumb":{"@id":"https:\/\/groupetrepanier.com\/chercher-une-propriete\/#breadcrumb"},"inLanguage":"en-US","potentialAction":[{"@type":"ReadAction","target":["https:\/\/groupetrepanier.com\/chercher-une-propriete\/"]}]},{"@type":"BreadcrumbList","@id":"https:\/\/groupetrepanier.com\/chercher-une-propriete\/#breadcrumb","itemListElement":[{"@type":"ListItem","position":1,"name":"Accueil","item":"https:\/\/groupetrepanier.com\/en\/"},{"@type":"ListItem","position":2,"name":"Find a property"}]},{"@type":"WebSite","@id":"https:\/\/groupetrepanier.com\/#website","url":"https:\/\/groupetrepanier.com\/","name":"MAXXUM 100 - Fermes et terres \u00e0 vendre - Achat et vente de terrains, fermes, fermettes, maisons de campagne","description":"Fermes et terres \u00e0 vendre - Achat et vente de terrains, fermes, fermettes, maisons de campagne","publisher":{"@id":"https:\/\/groupetrepanier.com\/#organization"},"potentialAction":[{"@type":"SearchAction","target":{"@type":"EntryPoint","urlTemplate":"https:\/\/groupetrepanier.com\/?s={search_term_string}"},"query-input":{"@type":"PropertyValueSpecification","valueRequired":true,"valueName":"search_term_string"}}],"inLanguage":"en-US"},{"@type":"Organization","@id":"https:\/\/groupetrepanier.com\/#organization","name":"Groupe Tr\u00e9panier","url":"https:\/\/groupetrepanier.com\/","logo":{"@type":"ImageObject","inLanguage":"en-US","@id":"https:\/\/groupetrepanier.com\/#\/schema\/logo\/image\/","url":"https:\/\/groupetrepanier.com\/wp-content\/uploads\/2019\/02\/maxxum100-logo.svg","contentUrl":"https:\/\/groupetrepanier.com\/wp-content\/uploads\/2019\/02\/maxxum100-logo.svg","width":790,"height":244,"caption":"Groupe Tr\u00e9panier"},"image":{"@id":"https:\/\/groupetrepanier.com\/#\/schema\/logo\/image\/"}}]}},"_links":{"self":[{"href":"https:\/\/groupetrepanier.com\/en\/wp-json\/wp\/v2\/pages\/1534","targetHints":{"allow":["GET"]}}],"collection":[{"href":"https:\/\/groupetrepanier.com\/en\/wp-json\/wp\/v2\/pages"}],"about":[{"href":"https:\/\/groupetrepanier.com\/en\/wp-json\/wp\/v2\/types\/page"}],"author":[{"embeddable":true,"href":"https:\/\/groupetrepanier.com\/en\/wp-json\/wp\/v2\/users\/1"}],"replies":[{"embeddable":true,"href":"https:\/\/groupetrepanier.com\/en\/wp-json\/wp\/v2\/comments?post=1534"}],"version-history":[{"count":21,"href":"https:\/\/groupetrepanier.com\/en\/wp-json\/wp\/v2\/pages\/1534\/revisions"}],"predecessor-version":[{"id":29928,"href":"https:\/\/groupetrepanier.com\/en\/wp-json\/wp\/v2\/pages\/1534\/revisions\/29928"}],"wp:attachment":[{"href":"https:\/\/groupetrepanier.com\/en\/wp-json\/wp\/v2\/media?parent=1534"}],"curies":[{"name":"wp","href":"https:\/\/api.w.org\/{rel}","templated":true}]}}